{"id":3237,"date":"2023-08-17T16:13:08","date_gmt":"2023-08-17T14:13:08","guid":{"rendered":"https:\/\/www.ptc.cz\/co-liecime\/centralni-nervovy-system\/"},"modified":"2024-06-17T12:26:07","modified_gmt":"2024-06-17T10:26:07","slug":"centralny-nervovy-system","status":"publish","type":"page","link":"https:\/\/www.ptc.cz\/sk\/co-liecime\/centralny-nervovy-system\/","title":{"rendered":"Centr\u00e1lny nervov\u00fd syst\u00e9m"},"content":{"rendered":"","protected":false},"excerpt":{"rendered":"","protected":false},"author":1,"featured_media":2989,"parent":3194,"menu_order":253,"comment_status":"closed","ping_status":"closed","template":"template-service-landing.php","meta":{"footnotes":""},"class_list":["post-3237","page","type-page","status-publish","has-post-thumbnail","hentry"],"acf":[],"aioseo_notices":[],"_links":{"self":[{"href":"https:\/\/www.ptc.cz\/sk\/wp-json\/wp\/v2\/pages\/3237","targetHints":{"allow":["GET"]}}],"collection":[{"href":"https:\/\/www.ptc.cz\/sk\/wp-json\/wp\/v2\/pages"}],"about":[{"href":"https:\/\/www.ptc.cz\/sk\/wp-json\/wp\/v2\/types\/page"}],"author":[{"embeddable":true,"href":"https:\/\/www.ptc.cz\/sk\/wp-json\/wp\/v2\/users\/1"}],"replies":[{"embeddable":true,"href":"https:\/\/www.ptc.cz\/sk\/wp-json\/wp\/v2\/comments?post=3237"}],"version-history":[{"count":5,"href":"https:\/\/www.ptc.cz\/sk\/wp-json\/wp\/v2\/pages\/3237\/revisions"}],"predecessor-version":[{"id":3932,"href":"https:\/\/www.ptc.cz\/sk\/wp-json\/wp\/v2\/pages\/3237\/revisions\/3932"}],"up":[{"embeddable":true,"href":"https:\/\/www.ptc.cz\/sk\/wp-json\/wp\/v2\/pages\/3194"}],"wp:featuredmedia":[{"embeddable":true,"href":"https:\/\/www.ptc.cz\/sk\/wp-json\/wp\/v2\/media\/2989"}],"wp:attachment":[{"href":"https:\/\/www.ptc.cz\/sk\/wp-json\/wp\/v2\/media?parent=3237"}],"curies":[{"name":"wp","href":"https:\/\/api.w.org\/{rel}","templated":true}]}}