{"id":3238,"date":"2023-08-17T16:13:29","date_gmt":"2023-08-17T14:13:29","guid":{"rendered":"https:\/\/www.ptc.cz\/co-liecime\/centralni-nervovy-system\/protonova-lecba-centralniho-nervoveho-systemu\/"},"modified":"2024-06-11T12:51:32","modified_gmt":"2024-06-11T10:51:32","slug":"protonova-liecba-nadorov-cns","status":"publish","type":"page","link":"https:\/\/www.ptc.cz\/sk\/co-liecime\/centralny-nervovy-system\/protonova-liecba-nadorov-cns\/","title":{"rendered":"Prot\u00f3nov\u00e1 lie\u010dba n\u00e1dorov CNS"},"content":{"rendered":"<p>R\u00e1dioterapia m\u00e1 v&nbsp;lie\u010dbe n\u00e1dorov CNS svoju nezastupite\u013en\u00fa \u00falohu. Prot\u00f3nov\u00e1 r\u00e1dioterapia prin\u00e1\u0161a v&nbsp;lie\u010dbe n\u00e1dorov mozgu a&nbsp;miechy \u00faplne nov\u00e9 mo\u017enosti. Zvl\u00e1\u0161\u0165 v&nbsp;pr\u00edpade n\u00e1dorov inoperabiln\u00fdch z&nbsp;d\u00f4vodu lokaliz\u00e1cie v&nbsp;bl\u00edzkosti \u017eivotne d\u00f4le\u017eit\u00fdch oblast\u00ed alebo po nekompletne vykonan\u00fdch exstirp\u00e1ci\u00e1ch (oper\u00e1ci\u00e1ch) prot\u00f3nov\u00e1 r\u00e1dioterapia v\u00fdznamne zlep\u0161uje lie\u010debn\u00e9 v\u00fdsledky pri zachovan\u00ed dobrej kvality \u017eivota pacienta.<\/p>\n<p>Prot\u00f3nov\u00e9 centrum v&nbsp;Prahe pou\u017e\u00edva inovat\u00edvne postupy lie\u010dby, ktor\u00e9 minimalizuj\u00fa ne\u017eiaduce o\u017eiarenie okolit\u00fdch zdrav\u00fdch tkan\u00edv, ako je napr. zrakov\u00fd a&nbsp;sluchov\u00fd nerv, hippocampus alebo mozgov\u00fd kme\u0148 a&nbsp;pod. Pr\u00ednos prot\u00f3novej r\u00e1dioterapie centr\u00e1lnej nervovej s\u00fastavy sa tak prejavuje u\u017e v&nbsp;priebehu lie\u010dby, ke\u010f preva\u017en\u00e1 v\u00e4\u010d\u0161ina pacientov zvl\u00e1dne lie\u010dbu bez hospitaliz\u00e1cie.<\/p>\n<h3><strong>Prot\u00f3nov\u00e1 terapia sa vyu\u017e\u00edva najm\u00e4 na&nbsp;lie\u010dbu:<\/strong><\/h3>\n<ul>\n<li>n\u00e1dorov b\u00e1zy lebovej (chordomy a&nbsp;chondrosarkomy),<\/li>\n<li>meninge\u00f3mov,<\/li>\n<li>gli\u00f3mov s&nbsp;n\u00edzkym stup\u0148om malignity,<\/li>\n<li>pituit\u00e1rnych aden\u00f3mov,<\/li>\n<li>neurin\u00f3mov akustiku,<\/li>\n<li>kraniofarynge\u00f3mov,<\/li>\n<li>meduloblast\u00f3mov.<\/li>\n<\/ul>\n","protected":false},"excerpt":{"rendered":"<p>R\u00e1dioterapia m\u00e1 v&nbsp;lie\u010dbe n\u00e1dorov CNS svoju nezastupite\u013en\u00fa \u00falohu. Prot\u00f3nov\u00e1 r\u00e1dioterapia prin\u00e1\u0161a v&nbsp;lie\u010dbe n\u00e1dorov mozgu a&nbsp;miechy \u00faplne nov\u00e9 mo\u017enosti. Zvl\u00e1\u0161\u0165 v&nbsp;pr\u00edpade n\u00e1dorov inoperabiln\u00fdch z&nbsp;d\u00f4vodu lokaliz\u00e1cie v&nbsp;bl\u00edzkosti \u017eivotne d\u00f4le\u017eit\u00fdch oblast\u00ed alebo po nekompletne vykonan\u00fdch exstirp\u00e1ci\u00e1ch (oper\u00e1ci\u00e1ch) prot\u00f3nov\u00e1 r\u00e1dioterapia v\u00fdznamne zlep\u0161uje lie\u010debn\u00e9 v\u00fdsledky pri zachovan\u00ed dobrej kvality \u017eivota pacienta. Prot\u00f3nov\u00e9 centrum v&nbsp;Prahe pou\u017e\u00edva inovat\u00edvne postupy lie\u010dby, ktor\u00e9 minimalizuj\u00fa&#8230;<\/p>\n","protected":false},"author":1,"featured_media":2894,"parent":3237,"menu_order":261,"comment_status":"closed","ping_status":"closed","template":"template-service-detail-with-sidebar.php","meta":{"footnotes":""},"class_list":["post-3238","page","type-page","status-publish","has-post-thumbnail","hentry"],"acf":[],"aioseo_notices":[],"_links":{"self":[{"href":"https:\/\/www.ptc.cz\/sk\/wp-json\/wp\/v2\/pages\/3238","targetHints":{"allow":["GET"]}}],"collection":[{"href":"https:\/\/www.ptc.cz\/sk\/wp-json\/wp\/v2\/pages"}],"about":[{"href":"https:\/\/www.ptc.cz\/sk\/wp-json\/wp\/v2\/types\/page"}],"author":[{"embeddable":true,"href":"https:\/\/www.ptc.cz\/sk\/wp-json\/wp\/v2\/users\/1"}],"replies":[{"embeddable":true,"href":"https:\/\/www.ptc.cz\/sk\/wp-json\/wp\/v2\/comments?post=3238"}],"version-history":[{"count":3,"href":"https:\/\/www.ptc.cz\/sk\/wp-json\/wp\/v2\/pages\/3238\/revisions"}],"predecessor-version":[{"id":3424,"href":"https:\/\/www.ptc.cz\/sk\/wp-json\/wp\/v2\/pages\/3238\/revisions\/3424"}],"up":[{"embeddable":true,"href":"https:\/\/www.ptc.cz\/sk\/wp-json\/wp\/v2\/pages\/3237"}],"wp:featuredmedia":[{"embeddable":true,"href":"https:\/\/www.ptc.cz\/sk\/wp-json\/wp\/v2\/media\/2894"}],"wp:attachment":[{"href":"https:\/\/www.ptc.cz\/sk\/wp-json\/wp\/v2\/media?parent=3238"}],"curies":[{"name":"wp","href":"https:\/\/api.w.org\/{rel}","templated":true}]}}