{"id":3256,"date":"2023-08-17T16:03:13","date_gmt":"2023-08-17T14:03:13","guid":{"rendered":"https:\/\/www.ptc.cz\/co-liecime\/hlava-a-krk\/protonova-lecba-hlavy-a-krku\/"},"modified":"2024-07-26T14:45:56","modified_gmt":"2024-07-26T12:45:56","slug":"protonova-liecba-hlavy-a-krku","status":"publish","type":"page","link":"https:\/\/www.ptc.cz\/sk\/co-liecime\/hlava-a-krk\/protonova-liecba-hlavy-a-krku\/","title":{"rendered":"Prot\u00f3nov\u00e1 lie\u010dba hlavy a&nbsp;krku"},"content":{"rendered":"<p>N\u00e1dory v&nbsp;oblasti hlavy a&nbsp;krku nepatria k&nbsp;diagn\u00f3zam, o&nbsp;ktor\u00fdch by sa v&nbsp;s\u00favislosti s&nbsp;onkologick\u00fdmi ochoreniami hovorilo naj\u010dastej\u0161ie, napriek tomu, \u017ee ich n\u00e1rast je prudko na&nbsp;vzostupe. Do lie\u010dby sa navy\u0161e v&nbsp;s\u00fa\u010dasnosti dost\u00e1vaj\u00fa v\u00fdrazne mlad\u0161\u00ed pacienti. N\u00e1dory hlavy a&nbsp;krku lek\u00e1ri \u010dasto odhalia v&nbsp;pokro\u010dilom \u0161t\u00e1diu. Prot\u00f3nov\u00e1 r\u00e1dioterapia v\u0161ak d\u00e1va vysok\u00fa \u0161ancu na&nbsp;vylie\u010denie.<\/p>\n<p>Je v\u00fdnimo\u010dn\u00e1 predov\u0161etk\u00fdm t\u00fdm, \u017ee okrem vynikaj\u00facich v\u00fdsledkov preuk\u00e1zate\u013ene zni\u017euje riziko vzniku ved\u013eaj\u0161\u00edch \u00fa\u010dinkov, ktor\u00e9 sprev\u00e1dzaj\u00fa in\u00e9 druhy lie\u010dby. T\u00fdm je naj\u010dastej\u0161ie vznik preh\u013atac\u00edch \u0165a\u017ekost\u00ed. V\u00e4\u010d\u0161ina pacientov podstupuj\u00facich prot\u00f3nov\u00fa lie\u010dbu je v\u0161ak schopn\u00e1 absolvova\u0165 lie\u010dbu ambulantne, pri zachovan\u00ed schopnosti preh\u013atania a&nbsp;bez r\u00f4znych invaz\u00edvnych z\u00e1krokov.<\/p>\n<div class=\"gdc_row\">\n<div class=\"gdc_column gdc_chalf\">\n<div class=\"gdc_inner\">\n<h3><strong>Prot\u00f3nov\u00e1 terapia sa vyu\u017e\u00edva na&nbsp;lie\u010dbu n\u00e1dorov<\/strong><\/h3>\n<ul>\n<li><strong>\u00a0<\/strong>nosohltana<\/li>\n<li>ved\u013eaj\u0161\u00edch nosov\u00fdch dut\u00edn<\/li>\n<li>slinn\u00fdch \u017eliaz<\/li>\n<li>kr\u010dn\u00fdch mandl\u00ed<\/li>\n<li>o\u010dnice<\/li>\n<li>stredou\u0161ia a&nbsp;vn\u00fatorn\u00e9ho ucha<\/li>\n<\/ul>\n<\/div>\n<\/div>\n<div class=\"gdc_column gdc_chalf\">\n<div class=\"gdc_inner\">\n<p><iframe loading=\"lazy\" title=\"Protonov\u00e1 l\u00e9\u010dba n\u00e1dor\u016f v oblasti hlavy a krku\" width=\"500\" height=\"281\" src=\"https:\/\/www.youtube.com\/embed\/rnccC5iVVCs?feature=oembed\" frameborder=\"0\" allow=\"accelerometer; autoplay; clipboard-write; encrypted-media; gyroscope; picture-in-picture; web-share\" referrerpolicy=\"strict-origin-when-cross-origin\" allowfullscreen><\/iframe><\/p>\n<\/div>\n<\/div>\n<\/div>\n<p style=\"text-align: left;\"><a  target=\"\"  class=\"button\" href=\"\/sk\/kontakt\/\">Kontaktujte n\u00e1s<\/a><\/p>\n","protected":false},"excerpt":{"rendered":"<p>N\u00e1dory v&nbsp;oblasti hlavy a&nbsp;krku nepatria k&nbsp;diagn\u00f3zam, o&nbsp;ktor\u00fdch by sa v&nbsp;s\u00favislosti s&nbsp;onkologick\u00fdmi ochoreniami hovorilo naj\u010dastej\u0161ie, napriek tomu, \u017ee ich n\u00e1rast je prudko na&nbsp;vzostupe. Do lie\u010dby sa navy\u0161e v&nbsp;s\u00fa\u010dasnosti dost\u00e1vaj\u00fa v\u00fdrazne mlad\u0161\u00ed pacienti. N\u00e1dory hlavy a&nbsp;krku lek\u00e1ri \u010dasto odhalia v&nbsp;pokro\u010dilom \u0161t\u00e1diu. Prot\u00f3nov\u00e1 r\u00e1dioterapia v\u0161ak d\u00e1va vysok\u00fa \u0161ancu na&nbsp;vylie\u010denie. Je v\u00fdnimo\u010dn\u00e1 predov\u0161etk\u00fdm t\u00fdm, \u017ee okrem vynikaj\u00facich v\u00fdsledkov preuk\u00e1zate\u013ene&#8230;<\/p>\n","protected":false},"author":1,"featured_media":2894,"parent":3255,"menu_order":295,"comment_status":"closed","ping_status":"closed","template":"template-service-detail-with-anchor-sidebar.php","meta":{"footnotes":""},"class_list":["post-3256","page","type-page","status-publish","has-post-thumbnail","hentry"],"acf":[],"aioseo_notices":[],"_links":{"self":[{"href":"https:\/\/www.ptc.cz\/sk\/wp-json\/wp\/v2\/pages\/3256","targetHints":{"allow":["GET"]}}],"collection":[{"href":"https:\/\/www.ptc.cz\/sk\/wp-json\/wp\/v2\/pages"}],"about":[{"href":"https:\/\/www.ptc.cz\/sk\/wp-json\/wp\/v2\/types\/page"}],"author":[{"embeddable":true,"href":"https:\/\/www.ptc.cz\/sk\/wp-json\/wp\/v2\/users\/1"}],"replies":[{"embeddable":true,"href":"https:\/\/www.ptc.cz\/sk\/wp-json\/wp\/v2\/comments?post=3256"}],"version-history":[{"count":5,"href":"https:\/\/www.ptc.cz\/sk\/wp-json\/wp\/v2\/pages\/3256\/revisions"}],"predecessor-version":[{"id":7055,"href":"https:\/\/www.ptc.cz\/sk\/wp-json\/wp\/v2\/pages\/3256\/revisions\/7055"}],"up":[{"embeddable":true,"href":"https:\/\/www.ptc.cz\/sk\/wp-json\/wp\/v2\/pages\/3255"}],"wp:featuredmedia":[{"embeddable":true,"href":"https:\/\/www.ptc.cz\/sk\/wp-json\/wp\/v2\/media\/2894"}],"wp:attachment":[{"href":"https:\/\/www.ptc.cz\/sk\/wp-json\/wp\/v2\/media?parent=3256"}],"curies":[{"name":"wp","href":"https:\/\/api.w.org\/{rel}","templated":true}]}}