{"id":3273,"date":"2023-08-17T15:59:13","date_gmt":"2023-08-17T13:59:13","guid":{"rendered":"https:\/\/www.ptc.cz\/co-liecime\/nadory-u-deti\/protonova-lecba-nadoru-u-deti\/"},"modified":"2024-07-26T14:56:10","modified_gmt":"2024-07-26T12:56:10","slug":"protonova-liecba-nadorov-u-deti","status":"publish","type":"page","link":"https:\/\/www.ptc.cz\/sk\/co-liecime\/nadory-u-deti\/protonova-liecba-nadorov-u-deti\/","title":{"rendered":"Prot\u00f3nov\u00e1 lie\u010dba n\u00e1dorov u&nbsp;det\u00ed"},"content":{"rendered":"<div class=\"gdc_row\">\n<div class=\"gdc_column gdc_chalf\">\n<div class=\"gdc_inner\">\n<p>Cie\u013eom modernej onkologickej lie\u010dby je zabezpe\u010di\u0165 pacientom maxim\u00e1lnu \u0161ancu na&nbsp;vylie\u010denie pri minimaliz\u00e1cii ved\u013eaj\u0161\u00edch \u00fa\u010dinkov spojen\u00fdch s&nbsp;lie\u010dbou, tento cie\u013e je dnes mo\u017en\u00e9 dosiahnu\u0165 pomocou prot\u00f3novej lie\u010dby. Prot\u00f3nov\u00e9 centrum v&nbsp;Prahe v&nbsp;r\u00e1mci detsk\u00e9ho lie\u010debn\u00e9ho programu vyu\u017e\u00edva najmodernej\u0161iu technol\u00f3giu a&nbsp;sk\u00fasenosti popredn\u00fdch \u010desk\u00fdch a&nbsp;svetov\u00fdch onkol\u00f3gov s&nbsp;prot\u00f3novou lie\u010dbou u&nbsp;det\u00ed. V\u0161etky deti lie\u010den\u00e9 v&nbsp;Protonovom centre s\u00fa indikovan\u00e9 na&nbsp;prot\u00f3nov\u00fa lie\u010dbu v&nbsp;spolupr\u00e1ci s&nbsp;niektor\u00fdm z&nbsp;detsk\u00fdch onkologick\u00fdch centier.<\/p>\n<p>Viac ako 80&nbsp;% detsk\u00fdch pacientov sa dnes \u00faspe\u0161ne vylie\u010di. Medzi pou\u017e\u00edvan\u00e9 lie\u010debn\u00e9 met\u00f3dy u&nbsp;n\u00e1dorov det\u00ed patr\u00ed oper\u00e1cia, o\u017earovanie, chemoterapia a&nbsp;biologick\u00e1 lie\u010dba. Ak\u00e1 konkr\u00e9tna lie\u010dba bude u&nbsp;v\u00e1\u0161ho die\u0165a\u0165a vykonan\u00e1, z\u00e1le\u017e\u00ed na&nbsp;mnoh\u00fdch r\u00f4znych faktoroch. Pl\u00e1n lie\u010dby s&nbsp;vami podrobne prediskutuje o\u0161etruj\u00faci detsk\u00fd onkol\u00f3g.<\/p>\n<p><a href=\"https:\/\/www.ptc.cz\/wp-content\/uploads\/2023\/08\/dsc-0288-kopie-1200x1200-1.jpg\" data-rel=\"lightbox-image-0\" data-rl_title=\"\" data-rl_caption=\"\" title=\"\"><img loading=\"lazy\" decoding=\"async\" class=\"alignnone size-full wp-image-821\" src=\"https:\/\/www.ptc.cz\/wp-content\/uploads\/2023\/08\/dsc-0288-kopie-1200x1200-1.jpg\" alt=\"\" width=\"1200\" height=\"837\" srcset=\"https:\/\/www.ptc.cz\/wp-content\/uploads\/2023\/08\/dsc-0288-kopie-1200x1200-1.jpg 1200w, https:\/\/www.ptc.cz\/wp-content\/uploads\/2023\/08\/dsc-0288-kopie-1200x1200-1-300x209.jpg 300w, https:\/\/www.ptc.cz\/wp-content\/uploads\/2023\/08\/dsc-0288-kopie-1200x1200-1-768x536.jpg 768w\" sizes=\"auto, (max-width: 1200px) 100vw, 1200px\" \/><\/a><\/p>\n<\/div>\n<\/div>\n<div class=\"gdc_column gdc_chalf\">\n<div class=\"gdc_inner\">\n<p>Cie\u013eom modernej onkologickej lie\u010dby je zabezpe\u010di\u0165 pacientom maxim\u00e1lnu \u0161ancu na&nbsp;vylie\u010denie pri minimaliz\u00e1cii ved\u013eaj\u0161\u00edch \u00fa\u010dinkov spojen\u00fdch s&nbsp;lie\u010dbou, tento cie\u013e je dnes mo\u017en\u00e9 dosiahnu\u0165 pomocou prot\u00f3novej lie\u010dby. Prot\u00f3nov\u00e9 centrum v&nbsp;Prahe v&nbsp;r\u00e1mci detsk\u00e9ho lie\u010debn\u00e9ho programu vyu\u017e\u00edva najmodernej\u0161iu technol\u00f3giu a&nbsp;sk\u00fasenosti popredn\u00fdch \u010desk\u00fdch a&nbsp;svetov\u00fdch onkol\u00f3gov s&nbsp;prot\u00f3novou lie\u010dbou u&nbsp;det\u00ed. V\u0161etky deti lie\u010den\u00e9 v&nbsp;Protonovom centre s\u00fa indikovan\u00e9 na&nbsp;prot\u00f3nov\u00fa lie\u010dbu v&nbsp;spolupr\u00e1ci s&nbsp;niektor\u00fdm z&nbsp;detsk\u00fdch onkologick\u00fdch centier.<\/p>\n<p>Viac ako 80&nbsp;% detsk\u00fdch pacientov sa dnes \u00faspe\u0161ne vylie\u010di. Medzi pou\u017e\u00edvan\u00e9 lie\u010debn\u00e9 met\u00f3dy u&nbsp;n\u00e1dorov det\u00ed patr\u00ed oper\u00e1cia, o\u017earovanie, chemoterapia a&nbsp;biologick\u00e1 lie\u010dba. Ak\u00e1 konkr\u00e9tna lie\u010dba bude u&nbsp;v\u00e1\u0161ho die\u0165a\u0165a vykonan\u00e1, z\u00e1le\u017e\u00ed na&nbsp;mnoh\u00fdch r\u00f4znych faktoroch. Pl\u00e1n lie\u010dby s&nbsp;vami podrobne prediskutuje o\u0161etruj\u00faci detsk\u00fd onkol\u00f3g.<\/p>\n<p><iframe loading=\"lazy\" title=\"Protonov\u00e1 l\u00e9\u010dba n\u00e1dor\u016f v d\u011btsk\u00e9m v\u011bku\" width=\"500\" height=\"281\" src=\"https:\/\/www.youtube.com\/embed\/QldMupwVmnM?feature=oembed\" frameborder=\"0\" allow=\"accelerometer; autoplay; clipboard-write; encrypted-media; gyroscope; picture-in-picture; web-share\" referrerpolicy=\"strict-origin-when-cross-origin\" allowfullscreen><\/iframe><\/p>\n<\/div>\n<\/div>\n<\/div>\n<p>&nbsp;<\/p>\n","protected":false},"excerpt":{"rendered":"<p>&nbsp;<\/p>\n","protected":false},"author":1,"featured_media":2894,"parent":3272,"menu_order":328,"comment_status":"closed","ping_status":"closed","template":"template-service-detail-with-anchor-sidebar.php","meta":{"footnotes":""},"class_list":["post-3273","page","type-page","status-publish","has-post-thumbnail","hentry"],"acf":[],"aioseo_notices":[],"_links":{"self":[{"href":"https:\/\/www.ptc.cz\/sk\/wp-json\/wp\/v2\/pages\/3273","targetHints":{"allow":["GET"]}}],"collection":[{"href":"https:\/\/www.ptc.cz\/sk\/wp-json\/wp\/v2\/pages"}],"about":[{"href":"https:\/\/www.ptc.cz\/sk\/wp-json\/wp\/v2\/types\/page"}],"author":[{"embeddable":true,"href":"https:\/\/www.ptc.cz\/sk\/wp-json\/wp\/v2\/users\/1"}],"replies":[{"embeddable":true,"href":"https:\/\/www.ptc.cz\/sk\/wp-json\/wp\/v2\/comments?post=3273"}],"version-history":[{"count":4,"href":"https:\/\/www.ptc.cz\/sk\/wp-json\/wp\/v2\/pages\/3273\/revisions"}],"predecessor-version":[{"id":7060,"href":"https:\/\/www.ptc.cz\/sk\/wp-json\/wp\/v2\/pages\/3273\/revisions\/7060"}],"up":[{"embeddable":true,"href":"https:\/\/www.ptc.cz\/sk\/wp-json\/wp\/v2\/pages\/3272"}],"wp:featuredmedia":[{"embeddable":true,"href":"https:\/\/www.ptc.cz\/sk\/wp-json\/wp\/v2\/media\/2894"}],"wp:attachment":[{"href":"https:\/\/www.ptc.cz\/sk\/wp-json\/wp\/v2\/media?parent=3273"}],"curies":[{"name":"wp","href":"https:\/\/api.w.org\/{rel}","templated":true}]}}