{"id":3276,"date":"2024-02-16T09:02:08","date_gmt":"2024-02-16T08:02:08","guid":{"rendered":"https:\/\/www.ptc.cz\/co-liecime\/nadory-u-deti\/proc-zvolit-protonovou-lecbu\/jak-probiha-lecba-detskeho-pacienta\/"},"modified":"2024-06-11T15:10:16","modified_gmt":"2024-06-11T13:10:16","slug":"ako-prebieha-liecba-detskeho-pacienta","status":"publish","type":"page","link":"https:\/\/www.ptc.cz\/sk\/co-liecime\/nadory-u-deti\/preco-zvolit-protonovu-liecbu\/ako-prebieha-liecba-detskeho-pacienta\/","title":{"rendered":"Ako prebieha lie\u010dba detsk\u00e9ho pacienta"},"content":{"rendered":"<div class=\"gdc_row\">\n<div class=\"gdc_column gdc_chalf\">\n<div class=\"gdc_inner\">\n<p>Detsk\u00fd pacient je na&nbsp;lie\u010dbu do Protonov\u00e9ho centra prijat\u00fd na&nbsp;z\u00e1klade odpor\u00fa\u010dania detsk\u00e9ho onkol\u00f3ga. Prot\u00f3nov\u00e9 centrum v&nbsp;Prahe spolupracuje s&nbsp;Klinikou detskej hematol\u00f3gie a&nbsp;onkol\u00f3gie FN Motol a&nbsp;Klinikou detskej onkol\u00f3gie FN Brno. Detsk\u00ed pacienti s\u00fa v&nbsp;pr\u00edpade nutnosti (napr. ak o\u017earovanie prebieha v&nbsp;celkovej anest\u00e9zii) hospitalizovan\u00ed vo Fakultnej nemocnici v&nbsp;Motole a&nbsp;do Protonov\u00e9ho centra doch\u00e1dzaj\u00fa iba na&nbsp;o\u017eiarenie.<\/p>\n<p>Napriek tomu, \u017ee je prot\u00f3nov\u00e1 lie\u010dba bezbolestn\u00e1, vieme, \u017ee d\u00f4le\u017eitou s\u00fa\u010das\u0165ou lie\u010dby je psychika die\u0165a\u0165a. Od prv\u00e9ho momentu je tak v&nbsp;r\u00e1mci mo\u017enost\u00ed v\u0161etko prisp\u00f4soben\u00e9 jeho potreb\u00e1m. Deti na&nbsp;o\u017eiarenie alebo kontroln\u00e9 vy\u0161etrenie, pokia\u013e nie s\u00fa v&nbsp;anest\u00e9zii, m\u00f4\u017eu \u010daka\u0165 v&nbsp;detskej miestnosti s&nbsp;mno\u017estvom hra\u010diek, ktor\u00e9 ni\u010d\u00edm nepripom\u00edna nemocnicu. Vesel\u00e9 oma\u013eov\u00e1nky a&nbsp;sklada\u010dky s&nbsp;\u201eprofesorom Protonom\u201c, ktor\u00fd ich sprev\u00e1dza lie\u010dbou, poskytn\u00fa rozpt\u00fdlenie a&nbsp;vykonaj\u00fa ich spolo\u010dne s&nbsp;vy\u0161kolen\u00fdm person\u00e1lom celou lie\u010dbou.<\/p>\n<\/div>\n<\/div>\n<div class=\"gdc_column gdc_chalf\">\n<div class=\"gdc_inner\">\n<p>Ka\u017ed\u00e9 o\u017eiarenie detsk\u00e9ho pacienta v&nbsp;Protonovom centre trv\u00e1 15-90 min\u00fat, v\u00e4\u010d\u0161inu \u010dasu zaberie rozpt\u00fdlenie die\u0165a\u0165a, jeho upokojenie a&nbsp;nastavenie polohy pre o\u017eiarenie, samotn\u00e9 o\u017earovanie je ot\u00e1zkou nieko\u013ek\u00fdch min\u00fat.<\/p>\n<p>V&nbsp;pr\u00edpade lie\u010dby v&nbsp;celkovej anest\u00e9zii sa pobyt v&nbsp;Protonovom centre pred\u013a\u017ei cca na&nbsp;2-3 hodiny, ktor\u00e9 die\u0165a str\u00e1vi spolo\u010dne s&nbsp;rodi\u010dom v&nbsp;anesteziologickej miestnosti a&nbsp;na&nbsp;dosp\u00e1vacej izbe, kde sa pod&nbsp;doh\u013eadom sestri\u010diek a&nbsp;lek\u00e1ra\/anesteziol\u00f3ga dospia. Pred ka\u017ed\u00fdm o\u017earovan\u00edm starostlivo prekontrolujeme polohu die\u0165a\u0165a pomocou r\u00f6ntgenov\u00fdch sn\u00edmok a&nbsp;vykon\u00e1me nieko\u013eko \u010diastkov\u00fdch kontrol, bez ktor\u00fdch by sa o\u017eiarenie nemohlo spusti\u0165. Minim\u00e1lne raz t\u00fd\u017edenne absolvuje die\u0165a kontrolu u&nbsp;lek\u00e1ra, ktor\u00fd s&nbsp;rodi\u010dmi preberie priebeh lie\u010dby a&nbsp;skontroluje zdravotn\u00fd stav die\u0165a\u0165a. S\u00fa\u010dasne prebiehaj\u00fa kontroly detsk\u00fdm onkol\u00f3gom (ambulantne), ak nie je die\u0165a hospitalizovan\u00e9.<\/p>\n<\/div>\n<\/div>\n<\/div>\n","protected":false},"excerpt":{"rendered":"","protected":false},"author":5,"featured_media":0,"parent":3275,"menu_order":340,"comment_status":"closed","ping_status":"closed","template":"template-service-detail-with-sidebar.php","meta":{"footnotes":""},"class_list":["post-3276","page","type-page","status-publish","hentry"],"acf":[],"aioseo_notices":[],"_links":{"self":[{"href":"https:\/\/www.ptc.cz\/sk\/wp-json\/wp\/v2\/pages\/3276","targetHints":{"allow":["GET"]}}],"collection":[{"href":"https:\/\/www.ptc.cz\/sk\/wp-json\/wp\/v2\/pages"}],"about":[{"href":"https:\/\/www.ptc.cz\/sk\/wp-json\/wp\/v2\/types\/page"}],"author":[{"embeddable":true,"href":"https:\/\/www.ptc.cz\/sk\/wp-json\/wp\/v2\/users\/5"}],"replies":[{"embeddable":true,"href":"https:\/\/www.ptc.cz\/sk\/wp-json\/wp\/v2\/comments?post=3276"}],"version-history":[{"count":3,"href":"https:\/\/www.ptc.cz\/sk\/wp-json\/wp\/v2\/pages\/3276\/revisions"}],"predecessor-version":[{"id":3468,"href":"https:\/\/www.ptc.cz\/sk\/wp-json\/wp\/v2\/pages\/3276\/revisions\/3468"}],"up":[{"embeddable":true,"href":"https:\/\/www.ptc.cz\/sk\/wp-json\/wp\/v2\/pages\/3275"}],"wp:attachment":[{"href":"https:\/\/www.ptc.cz\/sk\/wp-json\/wp\/v2\/media?parent=3276"}],"curies":[{"name":"wp","href":"https:\/\/api.w.org\/{rel}","templated":true}]}}