{"id":3297,"date":"2023-08-07T13:42:14","date_gmt":"2023-08-07T11:42:14","guid":{"rendered":"https:\/\/www.ptc.cz\/co-liecime\/lymfomy\/proc-zvolit-protonovou-lecbu\/"},"modified":"2024-06-17T14:23:16","modified_gmt":"2024-06-17T12:23:16","slug":"preco-zvolit-protonovu-liecbu-pri-malignych-lymfomoch","status":"publish","type":"page","link":"https:\/\/www.ptc.cz\/sk\/co-liecime\/lymfomy\/preco-zvolit-protonovu-liecbu-pri-malignych-lymfomoch\/","title":{"rendered":"Pre\u010do zvoli\u0165 prot\u00f3nov\u00fa lie\u010dbu pri mal\u00edgnych lymf\u00f3moch"},"content":{"rendered":"<p>Aby bolo mo\u017en\u00e9 zvoli\u0165 optim\u00e1lnu lie\u010dbu, je ve\u013emi d\u00f4le\u017eit\u00e9 z\u00edska\u0165 \u00fapln\u00e9 a&nbsp;zrozumite\u013en\u00e9 inform\u00e1cie. Zauj\u00edmajte sa nielen o&nbsp;najmodernej\u0161ie lie\u010debn\u00e9 met\u00f3dy mal\u00edgneho lymf\u00f3mu, ozna\u010dovan\u00e9 tie\u017e ako rakovina lymfatick\u00fdch uzl\u00edn, ale aj o&nbsp;ved\u013eaj\u0161ie \u00fa\u010dinky spojen\u00e9 s&nbsp;lie\u010dbou. Tie toti\u017e m\u00f4\u017eu v\u00fdznamne ovplyvni\u0165 kvalitu v\u00e1\u0161ho \u017eivota po\u010das lie\u010dby aj po nej.<\/p>\n<h3><strong>V\u00fdhody prot\u00f3novej lie\u010dby pri o\u017earovan\u00ed lymf\u00f3mov proti be\u017enej r\u00e1dioterapii:<\/strong><\/h3>\n<ul>\n<li>Redukcia d\u00e1vok ne\u017eiaduceho \u017eiarenia na&nbsp;srdce so zn\u00ed\u017een\u00edm rizika vzniku neskor\u00fdch n\u00e1sledkov r\u00e1dioterapie ako s\u00fa vady chlopn\u00ed, ischemick\u00e1 choroba srdca, arytmia a&nbsp;pod.<\/li>\n<li>Redukcia d\u00e1vok na&nbsp;p\u013e\u00facne tkanivo so zn\u00ed\u017een\u00edm rizika vzniku postradia\u010dnej p\u013e\u00facnej fibr\u00f3zy (zv\u00e4zivovatenie tkaniva), p\u013e\u00facnych z\u00e1palov a&nbsp;pod.<\/li>\n<li>Redukcia d\u00e1vok na&nbsp;miechu so zn\u00ed\u017een\u00edm rizika vzniku postradia\u010dnej myelopatie (poruchy hybnosti a&nbsp;\u010d\u00edtania).<\/li>\n<li>Redukcia d\u00e1vok na&nbsp;prsn\u00e9 \u017e\u013eazy so zn\u00ed\u017een\u00edm rizika vzniku sekund\u00e1rnych n\u00e1dorov prsnej \u017e\u013eazy.<\/li>\n<\/ul>\n<p>V&nbsp;s\u00fa\u010dasnej dobe sa na&nbsp;o\u017earovanie mal\u00edgnych lymf\u00f3mov pou\u017e\u00edva fot\u00f3nov\u00e1 alebo prot\u00f3nov\u00e1 r\u00e1dioterapia. Rozdiel je vo fyzik\u00e1lnych vlastnostiach jednotliv\u00fdch typov \u017eiarenia, a&nbsp;t\u00fdm je dan\u00e9 aj in\u00e9 spr\u00e1vanie v&nbsp;tkaniv\u00e1ch.<\/p>\n<p><span style=\"color: #f07f1f;\">\u2e3a<\/span><\/p>\n<h5>Na schematickom obr\u00e1zku je zn\u00e1zornen\u00e9 rozlo\u017eenie d\u00e1vky \u017eiarenia v&nbsp;tele pri pou\u017eit\u00ed prot\u00f3novej a&nbsp;fot\u00f3novej terapie.<\/h5>\n<p>Je zrejm\u00e9, \u017ee prot\u00f3nov\u00fd zv\u00e4zok o\u017earuje iba tzv. cie\u013eov\u00fd objem (oblas\u0165, kde sa nach\u00e1dza alebo nach\u00e1dzal n\u00e1dor), teda \u017eiarenie je smerovan\u00e9 takmer v\u00fdlu\u010dne len do tkaniva, ktor\u00e9 je postihnut\u00e9. Naopak fot\u00f3nov\u00e9 \u017eiarenie v\u010faka svojim fyzik\u00e1lnym vlastnostiam zasahuje v\u00fdznamne aj okolit\u00e9 zdrav\u00e9 \u0161trukt\u00fary.<\/p>\n<div class=\"gdc_row\">\n<div class=\"gdc_column gdc_chalf\">\n<div class=\"gdc_inner\">\n<p><img loading=\"lazy\" decoding=\"async\" class=\"aligncenter size-full wp-image-3984\" src=\"https:\/\/www.ptc.cz\/wp-content\/uploads\/2024\/06\/PxF-_LYMFOMY-_proton-_SK.jpg\" alt=\"\" width=\"768\" height=\"922\" srcset=\"https:\/\/www.ptc.cz\/wp-content\/uploads\/2024\/06\/PxF-_LYMFOMY-_proton-_SK.jpg 768w, https:\/\/www.ptc.cz\/wp-content\/uploads\/2024\/06\/PxF-_LYMFOMY-_proton-_SK-250x300.jpg 250w\" sizes=\"auto, (max-width: 768px) 100vw, 768px\" \/><\/p>\n<h2 style=\"text-align: left;\"><\/h2>\n<\/div>\n<\/div>\n<div class=\"gdc_column gdc_chalf\">\n<div class=\"gdc_inner\">\n<p><img loading=\"lazy\" decoding=\"async\" class=\"aligncenter size-full wp-image-3989\" src=\"https:\/\/www.ptc.cz\/wp-content\/uploads\/2024\/06\/PxF-_LYMFOMY-_foton-_SK.jpg\" alt=\"\" width=\"768\" height=\"922\" srcset=\"https:\/\/www.ptc.cz\/wp-content\/uploads\/2024\/06\/PxF-_LYMFOMY-_foton-_SK.jpg 768w, https:\/\/www.ptc.cz\/wp-content\/uploads\/2024\/06\/PxF-_LYMFOMY-_foton-_SK-250x300.jpg 250w\" sizes=\"auto, (max-width: 768px) 100vw, 768px\" \/><\/p>\n<h2 style=\"text-align: left;\"><\/h2>\n<\/div>\n<\/div>\n<\/div>\n<p style=\"text-align: left;\">Fot\u00f3nov\u00e9 \u017eiarenie, ktor\u00e9ho zdrojom s\u00fa line\u00e1rne ur\u00fdch\u013eova\u010de, vykazuje pozvo\u013en\u00fd sp\u00e1d d\u00e1vky v&nbsp;tkanive. T\u00fdm doch\u00e1dza k&nbsp;v\u00e4\u010d\u0161ej \u201ekontamin\u00e1cii\u201d okolit\u00fdch zdrav\u00fdch tkan\u00edv (v\u00e4\u010d\u0161iemu a&nbsp;ne\u017eiaducemu o\u017eiareniu okolit\u00fdch zdrav\u00fdch tkan\u00edv). Pri u\u017eit\u00ed prot\u00f3nov doch\u00e1dza k&nbsp;strm\u00e9mu sp\u00e1du d\u00e1vky za lo\u017eiskom o\u017eiarenia.<\/p>\n<p style=\"text-align: left;\">Prot\u00f3nov\u00e1 terapia tak umo\u017e\u0148uje zamera\u0165 d\u00e1vku \u017eiarenia na&nbsp;n\u00e1dor, a&nbsp;v\u00fdznamne tak zni\u017euje o\u017eiarenie zdrav\u00fdch org\u00e1nov a&nbsp;tkan\u00edv v&nbsp;okol\u00ed n\u00e1doru (vysok\u00fdmi, stredn\u00fdmi aj n\u00edzkymi d\u00e1vkami \u017eiarenia).<\/p>\n","protected":false},"excerpt":{"rendered":"<p>Aby bolo mo\u017en\u00e9 zvoli\u0165 optim\u00e1lnu lie\u010dbu, je ve\u013emi d\u00f4le\u017eit\u00e9 z\u00edska\u0165 \u00fapln\u00e9 a&nbsp;zrozumite\u013en\u00e9 inform\u00e1cie. Zauj\u00edmajte sa nielen o&nbsp;najmodernej\u0161ie lie\u010debn\u00e9 met\u00f3dy mal\u00edgneho lymf\u00f3mu, ozna\u010dovan\u00e9 tie\u017e ako rakovina lymfatick\u00fdch uzl\u00edn, ale aj o&nbsp;ved\u013eaj\u0161ie \u00fa\u010dinky spojen\u00e9 s&nbsp;lie\u010dbou. Tie toti\u017e m\u00f4\u017eu v\u00fdznamne ovplyvni\u0165 kvalitu v\u00e1\u0161ho \u017eivota po\u010das lie\u010dby aj po nej. V\u00fdhody prot\u00f3novej lie\u010dby pri o\u017earovan\u00ed lymf\u00f3mov proti be\u017enej r\u00e1dioterapii:&#8230;<\/p>\n","protected":false},"author":1,"featured_media":2879,"parent":3293,"menu_order":370,"comment_status":"closed","ping_status":"closed","template":"template-service-detail-with-sidebar.php","meta":{"footnotes":""},"class_list":["post-3297","page","type-page","status-publish","has-post-thumbnail","hentry"],"acf":[],"aioseo_notices":[],"_links":{"self":[{"href":"https:\/\/www.ptc.cz\/sk\/wp-json\/wp\/v2\/pages\/3297","targetHints":{"allow":["GET"]}}],"collection":[{"href":"https:\/\/www.ptc.cz\/sk\/wp-json\/wp\/v2\/pages"}],"about":[{"href":"https:\/\/www.ptc.cz\/sk\/wp-json\/wp\/v2\/types\/page"}],"author":[{"embeddable":true,"href":"https:\/\/www.ptc.cz\/sk\/wp-json\/wp\/v2\/users\/1"}],"replies":[{"embeddable":true,"href":"https:\/\/www.ptc.cz\/sk\/wp-json\/wp\/v2\/comments?post=3297"}],"version-history":[{"count":4,"href":"https:\/\/www.ptc.cz\/sk\/wp-json\/wp\/v2\/pages\/3297\/revisions"}],"predecessor-version":[{"id":3993,"href":"https:\/\/www.ptc.cz\/sk\/wp-json\/wp\/v2\/pages\/3297\/revisions\/3993"}],"up":[{"embeddable":true,"href":"https:\/\/www.ptc.cz\/sk\/wp-json\/wp\/v2\/pages\/3293"}],"wp:featuredmedia":[{"embeddable":true,"href":"https:\/\/www.ptc.cz\/sk\/wp-json\/wp\/v2\/media\/2879"}],"wp:attachment":[{"href":"https:\/\/www.ptc.cz\/sk\/wp-json\/wp\/v2\/media?parent=3297"}],"curies":[{"name":"wp","href":"https:\/\/api.w.org\/{rel}","templated":true}]}}