{"id":3299,"date":"2024-02-16T08:39:39","date_gmt":"2024-02-16T07:39:39","guid":{"rendered":"https:\/\/www.ptc.cz\/co-liecime\/lymfomy\/leukemicke-postizeni-cns\/"},"modified":"2024-06-11T15:50:15","modified_gmt":"2024-06-11T13:50:15","slug":"leukemicke-postihnutie-cns","status":"publish","type":"page","link":"https:\/\/www.ptc.cz\/sk\/co-liecime\/lymfomy\/leukemicke-postihnutie-cns\/","title":{"rendered":"Leukemick\u00e9 postihnutie CNS"},"content":{"rendered":"<div class=\"gdc_row\">\n<div class=\"gdc_column gdc_chalf\">\n<div class=\"gdc_inner\">\n<p>Leukemick\u00e9 postihnutie centr\u00e1lnej nervovej s\u00fastavy patr\u00ed medzi najnov\u0161ie diagn\u00f3zy ur\u010den\u00e9 na&nbsp;prot\u00f3nov\u00fa lie\u010dbu. O\u017eiarenie kraniospin\u00e1lnej osi je pr\u00ednosn\u00e9 pr\u00e1ve pre pacientov, ktor\u00ed maj\u00fa aj napriek intenz\u00edvnej syst\u00e9movej lie\u010dbe:<\/p>\n<ul>\n<li>pozit\u00edvny n\u00e1lez leukemick\u00fdch buniek v&nbsp;mozgovomiechovom moku,<\/li>\n<li>\u010falej pacienti, ktor\u00ed mali pozit\u00edvny mozgovomiechov\u00fd mok u\u017e pri stanoven\u00ed diagn\u00f3zy a&nbsp;ktor\u00ed s\u00fa rizikov\u00ed z&nbsp;h\u013eadiska postihnutia centr\u00e1lneho nervov\u00e9ho syst\u00e9mu aj do bud\u00facnosti<\/li>\n<\/ul>\n<\/div>\n<\/div>\n<div class=\"gdc_column gdc_chalf\">\n<div class=\"gdc_inner\">\n<p>Cie\u013eom je zbavi\u0165 aj tieto \u0165a\u017eko dostupn\u00e9 priestory leukemick\u00fdch buniek, a&nbsp;to aj t\u00fdch, ktor\u00e9 u\u017e nie s\u00fa citliv\u00e9 na&nbsp;lie\u010dbu chemoterapiou \u010di biologickou lie\u010dbou. Prot\u00f3nov\u00e1 r\u00e1dioterapia m\u00e1 v&nbsp;tomto pr\u00edpade z\u00e1sadn\u00e9 v\u00fdhody oproti ostatn\u00fdm form\u00e1m r\u00e1dioterapie. S\u00fa to nulov\u00e1 radia\u010dn\u00e1 z\u00e1\u0165a\u017e org\u00e1nov pred stavcami, minim\u00e1lna syst\u00e9mov\u00e1 toxicita (redukcia nausey, vracania, hna\u010dky), a&nbsp;je vhodn\u00e1 pre vysoko predlie\u010den\u00fdch pacientov s&nbsp;nutnou redukciou d\u00e1vky na&nbsp;p\u013e\u00faca, \u010drevn\u00e9 k\u013eu\u010dky, srdce a&nbsp;\u010fal\u0161ie org\u00e1ny.<\/p>\n<\/div>\n<\/div>\n<\/div>\n","protected":false},"excerpt":{"rendered":"","protected":false},"author":5,"featured_media":0,"parent":3293,"menu_order":380,"comment_status":"closed","ping_status":"closed","template":"template-service-detail-with-sidebar.php","meta":{"footnotes":""},"class_list":["post-3299","page","type-page","status-publish","hentry"],"acf":[],"aioseo_notices":[],"_links":{"self":[{"href":"https:\/\/www.ptc.cz\/sk\/wp-json\/wp\/v2\/pages\/3299","targetHints":{"allow":["GET"]}}],"collection":[{"href":"https:\/\/www.ptc.cz\/sk\/wp-json\/wp\/v2\/pages"}],"about":[{"href":"https:\/\/www.ptc.cz\/sk\/wp-json\/wp\/v2\/types\/page"}],"author":[{"embeddable":true,"href":"https:\/\/www.ptc.cz\/sk\/wp-json\/wp\/v2\/users\/5"}],"replies":[{"embeddable":true,"href":"https:\/\/www.ptc.cz\/sk\/wp-json\/wp\/v2\/comments?post=3299"}],"version-history":[{"count":3,"href":"https:\/\/www.ptc.cz\/sk\/wp-json\/wp\/v2\/pages\/3299\/revisions"}],"predecessor-version":[{"id":3483,"href":"https:\/\/www.ptc.cz\/sk\/wp-json\/wp\/v2\/pages\/3299\/revisions\/3483"}],"up":[{"embeddable":true,"href":"https:\/\/www.ptc.cz\/sk\/wp-json\/wp\/v2\/pages\/3293"}],"wp:attachment":[{"href":"https:\/\/www.ptc.cz\/sk\/wp-json\/wp\/v2\/media?parent=3299"}],"curies":[{"name":"wp","href":"https:\/\/api.w.org\/{rel}","templated":true}]}}