{"id":3314,"date":"2023-08-07T13:36:21","date_gmt":"2023-08-07T11:36:21","guid":{"rendered":"https:\/\/www.ptc.cz\/co-liecime\/prsy\/proc-zvolit-protonovou-lecbu\/"},"modified":"2024-06-17T14:24:29","modified_gmt":"2024-06-17T12:24:29","slug":"preco-zvolit-protonovu-liecbu","status":"publish","type":"page","link":"https:\/\/www.ptc.cz\/sk\/co-liecime\/prsia\/preco-zvolit-protonovu-liecbu\/","title":{"rendered":"Pre\u010do zvoli\u0165 prot\u00f3nov\u00fa lie\u010dbu"},"content":{"rendered":"<h3>V\u00ddHODY PROTONOVEJ LIE\u010cBY PRI O\u017dAROVAN\u00cd PRSN\u00cdKOV OPROTI BE\u017dNEJ RADIOTERAPII:<\/h3>\n<ul>\n<li>Takmer nulov\u00e1 d\u00e1vka na&nbsp;srdce (v&nbsp;pr\u00edpade postihnutia \u013eav\u00e9ho prsn\u00edka).<\/li>\n<li>V\u00fdznamne ni\u017e\u0161ia d\u00e1vka na&nbsp;p\u013e\u00faca.<\/li>\n<li>V\u00fdznamne zni\u017euje o\u017eiarenie miechy.<\/li>\n<li>Bezpe\u010dn\u00e1 mo\u017enos\u0165 v&nbsp;pr\u00edpade opakovan\u00e9ho o\u017eiarenia.<\/li>\n<\/ul>\n<p>Sk\u00fasenosti na\u0161ich lek\u00e1rov, na\u0161e technol\u00f3gie, vynikaj\u00face v\u00fdsledky a&nbsp;profesion\u00e1lny pr\u00edstup v\u00e1m prin\u00e1\u0161aj\u00fa maxim\u00e1lnu \u0161ancu na&nbsp;vylie\u010denie.<\/p>\n<p><span style=\"font-size: 16px;\">Na z\u00e1klade celosvetov\u00fdch sk\u00fasenost\u00ed a&nbsp;dlhodob\u00fdch v\u00fdsledkov u&nbsp;lie\u010den\u00fdch pacientov je zrejm\u00e9, \u017ee pacienti po prot\u00f3novej lie\u010dbe maj\u00fa neporovnate\u013ene vy\u0161\u0161iu kvalitu \u017eivota ako t\u00ed, ktor\u00ed boli o\u017earovan\u00ed \u0161tandardnou fot\u00f3novou technikou. Pri o\u017earovan\u00ed karcin\u00f3mu prsn\u00edka m\u00f4\u017ee d\u00f4js\u0165 k&nbsp;ne\u017eiaducemu o\u017eiareniu srdca, p\u013e\u00fac a&nbsp;miechy. Tieto org\u00e1ny s\u00fa ve\u013emi citliv\u00e9 na&nbsp;\u017eiarenie a&nbsp;ich po\u0161kodenie m\u00f4\u017ee ma\u0165 v\u00fdznamn\u00e9 ved\u013eaj\u0161ie \u00fa\u010dinky. V\u010faka protonov\u00e9mu l\u00fa\u010du a&nbsp;v\u00fdznamnej redukcii ne\u017eiaduceho o\u017eiarenia zdrav\u00fdch tkan\u00edv a&nbsp;org\u00e1nov dok\u00e1\u017eeme podstatne zn\u00ed\u017ei\u0165 riziko vzniku srdcov\u00e9ho infarktu a&nbsp;\u010fal\u0161\u00edch srdcov\u00fdch komplik\u00e1ci\u00ed alebo rozvoja p\u013e\u00facnej fibr\u00f3zy.<\/span><\/p>\n<h5><span style=\"color: #ea879c;\">\u2e3a<\/span><\/h5>\n<h4>Na schematickom obr\u00e1zku je zn\u00e1zornen\u00e9 rozlo\u017eenie d\u00e1vky \u017eiarenia v&nbsp;tele pri pou\u017eit\u00ed fot\u00f3novej a&nbsp;prot\u00f3novej terapie.<\/h4>\n<p style=\"text-align: left;\">Je zrejm\u00e9, \u017ee prot\u00f3nov\u00fd zv\u00e4zok o\u017earuje iba tzv. cie\u013eov\u00fd objem (oblas\u0165, kde sa nach\u00e1dzal n\u00e1dor), teda \u017eiarenie je smerovan\u00e9 takmer v\u00fdlu\u010dne len do tkaniva, ktor\u00e9 je postihnut\u00e9. Naopak fot\u00f3nov\u00e9 \u017eiarenie v\u010faka svojim fyzik\u00e1lnym vlastnostiam zasahuje v\u00fdznamne aj okolit\u00e9 zdrav\u00e9 \u0161trukt\u00fary.<\/p>\n<div class=\"gdc_row\">\n<div class=\"gdc_column gdc_chalf\">\n<div class=\"gdc_inner\">\n<p><img loading=\"lazy\" decoding=\"async\" class=\"aligncenter size-full wp-image-3995\" src=\"https:\/\/www.ptc.cz\/wp-content\/uploads\/2024\/06\/PxF-_PRSY-_proton-_SK.jpg\" alt=\"\" width=\"768\" height=\"922\" srcset=\"https:\/\/www.ptc.cz\/wp-content\/uploads\/2024\/06\/PxF-_PRSY-_proton-_SK.jpg 768w, https:\/\/www.ptc.cz\/wp-content\/uploads\/2024\/06\/PxF-_PRSY-_proton-_SK-250x300.jpg 250w\" sizes=\"auto, (max-width: 768px) 100vw, 768px\" \/><\/p>\n<p>&nbsp;<\/p>\n<\/div>\n<\/div>\n<div class=\"gdc_column gdc_chalf\">\n<div class=\"gdc_inner\">\n<p><img loading=\"lazy\" decoding=\"async\" class=\"aligncenter size-full wp-image-3998\" src=\"https:\/\/www.ptc.cz\/wp-content\/uploads\/2024\/06\/PxF-_PRSY-_foton-_SK.jpg\" alt=\"\" width=\"768\" height=\"922\" srcset=\"https:\/\/www.ptc.cz\/wp-content\/uploads\/2024\/06\/PxF-_PRSY-_foton-_SK.jpg 768w, https:\/\/www.ptc.cz\/wp-content\/uploads\/2024\/06\/PxF-_PRSY-_foton-_SK-250x300.jpg 250w\" sizes=\"auto, (max-width: 768px) 100vw, 768px\" \/><\/p>\n<p>&nbsp;<\/p>\n<\/div>\n<\/div>\n<\/div>\n","protected":false},"excerpt":{"rendered":"<p>V\u00ddHODY PROTONOVEJ LIE\u010cBY PRI O\u017dAROVAN\u00cd PRSN\u00cdKOV OPROTI BE\u017dNEJ RADIOTERAPII: Takmer nulov\u00e1 d\u00e1vka na&nbsp;srdce (v&nbsp;pr\u00edpade postihnutia \u013eav\u00e9ho prsn\u00edka). V\u00fdznamne ni\u017e\u0161ia d\u00e1vka na&nbsp;p\u013e\u00faca. V\u00fdznamne zni\u017euje o\u017eiarenie miechy. Bezpe\u010dn\u00e1 mo\u017enos\u0165 v&nbsp;pr\u00edpade opakovan\u00e9ho o\u017eiarenia. Sk\u00fasenosti na\u0161ich lek\u00e1rov, na\u0161e technol\u00f3gie, vynikaj\u00face v\u00fdsledky a&nbsp;profesion\u00e1lny pr\u00edstup v\u00e1m prin\u00e1\u0161aj\u00fa maxim\u00e1lnu \u0161ancu na&nbsp;vylie\u010denie. Na&nbsp;z\u00e1klade celosvetov\u00fdch sk\u00fasenost\u00ed a&nbsp;dlhodob\u00fdch v\u00fdsledkov u&nbsp;lie\u010den\u00fdch pacientov je zrejm\u00e9, \u017ee&#8230;<\/p>\n","protected":false},"author":1,"featured_media":2879,"parent":3312,"menu_order":404,"comment_status":"closed","ping_status":"closed","template":"template-service-detail-with-sidebar.php","meta":{"footnotes":""},"class_list":["post-3314","page","type-page","status-publish","has-post-thumbnail","hentry"],"acf":[],"aioseo_notices":[],"_links":{"self":[{"href":"https:\/\/www.ptc.cz\/sk\/wp-json\/wp\/v2\/pages\/3314","targetHints":{"allow":["GET"]}}],"collection":[{"href":"https:\/\/www.ptc.cz\/sk\/wp-json\/wp\/v2\/pages"}],"about":[{"href":"https:\/\/www.ptc.cz\/sk\/wp-json\/wp\/v2\/types\/page"}],"author":[{"embeddable":true,"href":"https:\/\/www.ptc.cz\/sk\/wp-json\/wp\/v2\/users\/1"}],"replies":[{"embeddable":true,"href":"https:\/\/www.ptc.cz\/sk\/wp-json\/wp\/v2\/comments?post=3314"}],"version-history":[{"count":4,"href":"https:\/\/www.ptc.cz\/sk\/wp-json\/wp\/v2\/pages\/3314\/revisions"}],"predecessor-version":[{"id":4001,"href":"https:\/\/www.ptc.cz\/sk\/wp-json\/wp\/v2\/pages\/3314\/revisions\/4001"}],"up":[{"embeddable":true,"href":"https:\/\/www.ptc.cz\/sk\/wp-json\/wp\/v2\/pages\/3312"}],"wp:featuredmedia":[{"embeddable":true,"href":"https:\/\/www.ptc.cz\/sk\/wp-json\/wp\/v2\/media\/2879"}],"wp:attachment":[{"href":"https:\/\/www.ptc.cz\/sk\/wp-json\/wp\/v2\/media?parent=3314"}],"curies":[{"name":"wp","href":"https:\/\/api.w.org\/{rel}","templated":true}]}}