{"id":3319,"date":"2024-01-15T05:44:11","date_gmt":"2024-01-15T04:44:11","guid":{"rendered":"https:\/\/www.ptc.cz\/co-liecime\/prsy\/proc-zvolit-protonovou-lecbu\/vyhody-protonoveho-ozarovani-u-karcinomu-prsu\/"},"modified":"2024-06-12T08:54:43","modified_gmt":"2024-06-12T06:54:43","slug":"vyhody-protonoveho-ozarovania-pri-karcinome-prsnika","status":"publish","type":"page","link":"https:\/\/www.ptc.cz\/sk\/co-liecime\/prsia\/preco-zvolit-protonovu-liecbu\/vyhody-protonoveho-ozarovania-pri-karcinome-prsnika\/","title":{"rendered":"V\u00fdhody prot\u00f3nov\u00e9ho o\u017earovania pri karcin\u00f3me prsn\u00edka"},"content":{"rendered":"<h3><strong>Viete, \u017ee v\u00fdhody prot\u00f3nov\u00e9ho o\u017earovania s\u00fa zalo\u017een\u00e9 na&nbsp;fyzik\u00e1lnych z\u00e1konoch a&nbsp;vlastnostiach prot\u00f3nov?<\/strong><\/h3>\n<p>Prot\u00f3ny toti\u017e m\u00f4\u017eeme zastavi\u0165 presne a&nbsp;v&nbsp;mieste, kde potrebujeme, v&nbsp;tzv. cie\u013eovom objeme. Vo va\u0161om pr\u00edpade v&nbsp;prsn\u00edku, hrudnej stene a&nbsp;sp\u00e1dov\u00fdch lymfatick\u00fdch uzlin\u00e1ch. Zdrav\u00e9 tkaniv\u00e1 v&nbsp;okol\u00ed prsn\u00edka, najm\u00e4 srdce a&nbsp;\u013eav\u00e9 p\u013e\u00faca, s\u00fa zasiahnut\u00e9 \u017eiaren\u00edm minim\u00e1lne alebo nie s\u00fa o\u017eiaren\u00e9 v\u00f4bec.<\/p>\n<h3>Prot\u00f3nov\u00e1 lie\u010dba rakoviny prsn\u00edka dok\u00e1\u017ee:<\/h3>\n<ul>\n<li>minimalizova\u0165 riziko ne\u017eiaducich \u00fa\u010dinkov na&nbsp;srdce, p\u013e\u00faca a&nbsp;miechu,<\/li>\n<li>zabezpe\u010di\u0165 presn\u00e9 pokrytie o\u017earovanej oblasti,<\/li>\n<li>zn\u00ed\u017ei\u0165 riziko vzniku sekund\u00e1rnych n\u00e1dorov,<\/li>\n<li>zn\u00ed\u017ei\u0165 riziko komplik\u00e1ci\u00ed po lie\u010dbe,<\/li>\n<li>pon\u00faknu\u0165 \u0161etrn\u00fa, \u00fa\u010dinn\u00fa a&nbsp;bezbolestn\u00fa lie\u010dbu<\/li>\n<\/ul>\n","protected":false},"excerpt":{"rendered":"<p>Viete, \u017ee v\u00fdhody prot\u00f3nov\u00e9ho o\u017earovania s\u00fa zalo\u017een\u00e9 na&nbsp;fyzik\u00e1lnych z\u00e1konoch a&nbsp;vlastnostiach prot\u00f3nov? Prot\u00f3ny toti\u017e m\u00f4\u017eeme zastavi\u0165 presne a&nbsp;v&nbsp;mieste, kde potrebujeme, v&nbsp;tzv. cie\u013eovom objeme. Vo va\u0161om pr\u00edpade v&nbsp;prsn\u00edku, hrudnej stene a&nbsp;sp\u00e1dov\u00fdch lymfatick\u00fdch uzlin\u00e1ch. Zdrav\u00e9 tkaniv\u00e1 v&nbsp;okol\u00ed prsn\u00edka, najm\u00e4 srdce a&nbsp;\u013eav\u00e9 p\u013e\u00faca, s\u00fa zasiahnut\u00e9 \u017eiaren\u00edm minim\u00e1lne alebo nie s\u00fa o\u017eiaren\u00e9 v\u00f4bec. Prot\u00f3nov\u00e1 lie\u010dba rakoviny prsn\u00edka dok\u00e1\u017ee: minimalizova\u0165 riziko&#8230;<\/p>\n","protected":false},"author":5,"featured_media":0,"parent":3314,"menu_order":418,"comment_status":"closed","ping_status":"closed","template":"template-service-detail-with-sidebar.php","meta":{"footnotes":""},"class_list":["post-3319","page","type-page","status-publish","hentry"],"acf":[],"aioseo_notices":[],"_links":{"self":[{"href":"https:\/\/www.ptc.cz\/sk\/wp-json\/wp\/v2\/pages\/3319","targetHints":{"allow":["GET"]}}],"collection":[{"href":"https:\/\/www.ptc.cz\/sk\/wp-json\/wp\/v2\/pages"}],"about":[{"href":"https:\/\/www.ptc.cz\/sk\/wp-json\/wp\/v2\/types\/page"}],"author":[{"embeddable":true,"href":"https:\/\/www.ptc.cz\/sk\/wp-json\/wp\/v2\/users\/5"}],"replies":[{"embeddable":true,"href":"https:\/\/www.ptc.cz\/sk\/wp-json\/wp\/v2\/comments?post=3319"}],"version-history":[{"count":3,"href":"https:\/\/www.ptc.cz\/sk\/wp-json\/wp\/v2\/pages\/3319\/revisions"}],"predecessor-version":[{"id":3503,"href":"https:\/\/www.ptc.cz\/sk\/wp-json\/wp\/v2\/pages\/3319\/revisions\/3503"}],"up":[{"embeddable":true,"href":"https:\/\/www.ptc.cz\/sk\/wp-json\/wp\/v2\/pages\/3314"}],"wp:attachment":[{"href":"https:\/\/www.ptc.cz\/sk\/wp-json\/wp\/v2\/media?parent=3319"}],"curies":[{"name":"wp","href":"https:\/\/api.w.org\/{rel}","templated":true}]}}