{"id":3321,"date":"2023-08-07T13:37:30","date_gmt":"2023-08-07T11:37:30","guid":{"rendered":"https:\/\/www.ptc.cz\/co-liecime\/prsy\/jak-poznat-rakovinu-prsu\/"},"modified":"2024-08-02T15:26:59","modified_gmt":"2024-08-02T13:26:59","slug":"rakovina-prsnika","status":"publish","type":"page","link":"https:\/\/www.ptc.cz\/sk\/co-liecime\/prsia\/rakovina-prsnika\/","title":{"rendered":"Rakovina prsn\u00edka"},"content":{"rendered":"<p><strong><\/p>\n<div class=\"gdc_row\">\n<div class=\"gdc_column gdc_chalf\">\n<div class=\"gdc_inner\"><\/strong><\/p>\n<p><strong>Karcin\u00f3m prsn\u00edka je naj\u010dastej\u0161\u00edm zhubn\u00fdm ochoren\u00edm<\/strong> u&nbsp;\u017eien a&nbsp;druhou naj\u010dastej\u0161ou pr\u00ed\u010dinou \u00famrt\u00ed na&nbsp;onkologick\u00e9 ochorenie. Ro\u010dne je v&nbsp;\u010ceskej republike diagnostikovan\u00fdch viac ako 7&nbsp;000 nov\u00fdch pr\u00edpadov. Zhruba 75% \u017eien m\u00e1 v&nbsp;\u010dase diagn\u00f3zy ochorenie I. alebo II. \u0161t\u00e1dia s&nbsp;dlhou o\u010dak\u00e1vanou dobou do\u017eitia.<img loading=\"lazy\" decoding=\"async\" class=\"alignnone wp-image-7217 size-full\" src=\"https:\/\/www.ptc.cz\/wp-content\/uploads\/2024\/08\/PRSY-GRAF-1200x800-_SK.jpg\" alt=\"\" width=\"1200\" height=\"800\" srcset=\"https:\/\/www.ptc.cz\/wp-content\/uploads\/2024\/08\/PRSY-GRAF-1200x800-_SK.jpg 1200w, https:\/\/www.ptc.cz\/wp-content\/uploads\/2024\/08\/PRSY-GRAF-1200x800-_SK-300x200.jpg 300w, https:\/\/www.ptc.cz\/wp-content\/uploads\/2024\/08\/PRSY-GRAF-1200x800-_SK-768x512.jpg 768w\" sizes=\"auto, (max-width: 1200px) 100vw, 1200px\" \/><\/p>\n<p>&nbsp;<\/p>\n<p><strong><\/div>\n<\/div>\n<div class=\"gdc_column gdc_chalf\">\n<div class=\"gdc_inner\"><\/strong><\/p>\n<p>Ak je ochorenie zachyten\u00e9 v&nbsp;skorom \u0161t\u00e1diu, b\u00fdva lie\u010dba \u00faspe\u0161nej\u0161ia, s&nbsp;men\u0161\u00edmi komplik\u00e1ciami a&nbsp;ni\u017e\u0161\u00edm rizikom vzniku ne\u017eiaducich \u00fa\u010dinkov. Rakovina prsn\u00edka sa nevyskytuje iba u&nbsp;\u017eien, ale m\u00f4\u017ee sa objavi\u0165 aj u&nbsp;mu\u017eov. V\u010faka v\u010dasnej diagnostike a&nbsp;nov\u00fdm technol\u00f3gi\u00e1m <strong>st\u00fapa \u0161anca na&nbsp;\u00faspe\u0161n\u00fa lie\u010dbu.<\/strong><\/p>\n<p>Komplexn\u00e1 lie\u010dba karcin\u00f3mu prsn\u00edka vy\u017eaduje spolupr\u00e1cu mnoh\u00fdch odborn\u00edkov naprie\u010d r\u00f4znymi odbormi. Na&nbsp;lie\u010dbu rakoviny prsn\u00edka sa vyu\u017e\u00edva oper\u00e1cia, chemoterapia, hormon\u00e1lna a&nbsp;biologick\u00e1 lie\u010dba, r\u00e1dioterapia.<\/p>\n<p>R\u00e1dioterapia m\u00e1 v&nbsp;r\u00e1mci komplexnej lie\u010dby rakoviny prsn\u00edka svoje nezastupite\u013en\u00e9 miesto. <strong>Prot\u00f3nov\u00e9 centrum v&nbsp;Prahe ako prv\u00e9 na&nbsp;svete vyvinulo jedine\u010dn\u00e9 a&nbsp;inovat\u00edvne postupy lie\u010dby rakoviny prsn\u00edka, ktor\u00e9 minimalizuj\u00fa ne\u017eiaduce o\u017eiarenie srdca a&nbsp;vencovit\u00fdch tepien, p\u013e\u00fac a&nbsp;druhostrann\u00e9ho prsn\u00edka.<\/strong><\/p>\n<\/div>\n<\/div>\n<\/div>\n","protected":false},"excerpt":{"rendered":"","protected":false},"author":1,"featured_media":2892,"parent":3312,"menu_order":424,"comment_status":"closed","ping_status":"closed","template":"template-service-detail-with-sidebar.php","meta":{"footnotes":""},"class_list":["post-3321","page","type-page","status-publish","has-post-thumbnail","hentry"],"acf":[],"aioseo_notices":[],"_links":{"self":[{"href":"https:\/\/www.ptc.cz\/sk\/wp-json\/wp\/v2\/pages\/3321","targetHints":{"allow":["GET"]}}],"collection":[{"href":"https:\/\/www.ptc.cz\/sk\/wp-json\/wp\/v2\/pages"}],"about":[{"href":"https:\/\/www.ptc.cz\/sk\/wp-json\/wp\/v2\/types\/page"}],"author":[{"embeddable":true,"href":"https:\/\/www.ptc.cz\/sk\/wp-json\/wp\/v2\/users\/1"}],"replies":[{"embeddable":true,"href":"https:\/\/www.ptc.cz\/sk\/wp-json\/wp\/v2\/comments?post=3321"}],"version-history":[{"count":10,"href":"https:\/\/www.ptc.cz\/sk\/wp-json\/wp\/v2\/pages\/3321\/revisions"}],"predecessor-version":[{"id":7240,"href":"https:\/\/www.ptc.cz\/sk\/wp-json\/wp\/v2\/pages\/3321\/revisions\/7240"}],"up":[{"embeddable":true,"href":"https:\/\/www.ptc.cz\/sk\/wp-json\/wp\/v2\/pages\/3312"}],"wp:featuredmedia":[{"embeddable":true,"href":"https:\/\/www.ptc.cz\/sk\/wp-json\/wp\/v2\/media\/2892"}],"wp:attachment":[{"href":"https:\/\/www.ptc.cz\/sk\/wp-json\/wp\/v2\/media?parent=3321"}],"curies":[{"name":"wp","href":"https:\/\/api.w.org\/{rel}","templated":true}]}}