{"id":3322,"date":"2024-01-15T17:30:34","date_gmt":"2024-01-15T16:30:34","guid":{"rendered":"https:\/\/www.ptc.cz\/co-liecime\/prsy\/jak-poznat-rakovinu-prsu\/svet-preferuje-protony\/"},"modified":"2024-06-12T08:58:46","modified_gmt":"2024-06-12T06:58:46","slug":"svet-preferuje-protony","status":"publish","type":"page","link":"https:\/\/www.ptc.cz\/sk\/co-liecime\/prsia\/rakovina-prsnika\/svet-preferuje-protony\/","title":{"rendered":"Svet preferuje prot\u00f3ny"},"content":{"rendered":"<div class=\"gdc_row\">\n<div class=\"gdc_column gdc_chalf\">\n<div class=\"gdc_inner\">\n<p>Prot\u00f3nov\u00e1 lie\u010dba je vo svete st\u00e1le viac uzn\u00e1vanou a&nbsp;preferovanou met\u00f3dou. V\u00fdsledky a&nbsp;sk\u00fasenosti svetov\u00fdch prot\u00f3nov\u00fdch centier aj pra\u017esk\u00e9ho Prot\u00f3nov\u00e9ho centra jednozna\u010dne potvrdzuj\u00fa, \u017ee prot\u00f3nov\u00e1 terapia otv\u00e1ra \u00faplne nov\u00e9 mo\u017enosti lie\u010dby n\u00e1dorov\u00fdch ochoren\u00ed. Prot\u00f3nov\u00e1 r\u00e1dioterapia nie je novou met\u00f3dou \u2013 od roku 1991 existuje prv\u00e9 v\u00fdlu\u010dne klinick\u00e9 (nie akademick\u00e9) pracovisko (Loma Linda, Kalifornia, USA) a&nbsp;po\u010det chor\u00fdch lie\u010den\u00fdch prot\u00f3nmi dosahuje mnoho desiatok tis\u00edc. Jedn\u00e1 sa o&nbsp;technologicky \u00faplne zrel\u00fa lie\u010dbu, overen\u00fa v&nbsp;klinickej prev\u00e1dzke.<\/p>\n<\/div>\n<\/div>\n<div class=\"gdc_column gdc_chalf\">\n<div class=\"gdc_inner\">\n<p>Z&nbsp;radov niektor\u00fdch odborn\u00edkov mo\u017eno aj po mnoh\u00fdch rokoch, kedy sa na&nbsp;lie\u010dbu vybran\u00fdch onkologick\u00fdch ochoren\u00ed pou\u017e\u00edva prot\u00f3nov\u00e1 r\u00e1dioterapia, po\u010du\u0165 n\u00e1zor, \u017ee vy\u0161\u0161ie d\u00e1vky \u017eiarenia pri be\u017enej (fot\u00f3novej) r\u00e1dioterapii na&nbsp;zdrav\u00e9 tkaniv\u00e1 neod\u00f4vod\u0148uj\u00fa pou\u017eitie lie\u010dby prot\u00f3nov\u00fdm zv\u00e4zkom. T\u00edm lek\u00e1rov z&nbsp;MGH v&nbsp;Bostone sa preto zameral na&nbsp;pacientky s&nbsp;karcin\u00f3mom prsn\u00edka.<\/p>\n<p>Najm\u00e4 u&nbsp;t\u00fdch, kde je nevyhnutn\u00e9 o\u017eiari\u0165 aj sp\u00e1dov\u00e9 lymfatick\u00e9 uzliny, \u0161t\u00fadia uzatv\u00e1ra, \u017ee prot\u00f3nov\u00e1 r\u00e1dioterapia karcin\u00f3mu prsn\u00edka m\u00e1 n\u00edzku toxicitu pri zachovan\u00ed rovnakej kontroly nad&nbsp;n\u00e1dorov\u00fdm ochoren\u00edm ako predt\u00fdm publikovan\u00e9 d\u00e1ta fot\u00f3novej r\u00e1dioterapie. (In\u00fdmi slovami, prot\u00f3nov\u00e1 lie\u010dba karcin\u00f3mu prsn\u00edka jednozna\u010dne zni\u017euje riziko vzniku ne\u017eiaducich \u00fa\u010dinkov).<\/p>\n<\/div>\n<\/div>\n<\/div>\n<p><a href=\"https:\/\/ascopubs.org\/doi\/full\/10.1200\/JCO.18.02366?journalCode=jco\">\u0160t\u00fadiu mo\u017eno n\u00e1js\u0165 v&nbsp;Journal of Clinical Oncology<\/a><\/p>\n","protected":false},"excerpt":{"rendered":"<p>\u0160t\u00fadiu mo\u017eno n\u00e1js\u0165 v&nbsp;Journal of Clinical Oncology<\/p>\n","protected":false},"author":5,"featured_media":0,"parent":3321,"menu_order":426,"comment_status":"closed","ping_status":"closed","template":"template-service-detail-with-sidebar.php","meta":{"footnotes":""},"class_list":["post-3322","page","type-page","status-publish","hentry"],"acf":[],"aioseo_notices":[],"_links":{"self":[{"href":"https:\/\/www.ptc.cz\/sk\/wp-json\/wp\/v2\/pages\/3322","targetHints":{"allow":["GET"]}}],"collection":[{"href":"https:\/\/www.ptc.cz\/sk\/wp-json\/wp\/v2\/pages"}],"about":[{"href":"https:\/\/www.ptc.cz\/sk\/wp-json\/wp\/v2\/types\/page"}],"author":[{"embeddable":true,"href":"https:\/\/www.ptc.cz\/sk\/wp-json\/wp\/v2\/users\/5"}],"replies":[{"embeddable":true,"href":"https:\/\/www.ptc.cz\/sk\/wp-json\/wp\/v2\/comments?post=3322"}],"version-history":[{"count":3,"href":"https:\/\/www.ptc.cz\/sk\/wp-json\/wp\/v2\/pages\/3322\/revisions"}],"predecessor-version":[{"id":3507,"href":"https:\/\/www.ptc.cz\/sk\/wp-json\/wp\/v2\/pages\/3322\/revisions\/3507"}],"up":[{"embeddable":true,"href":"https:\/\/www.ptc.cz\/sk\/wp-json\/wp\/v2\/pages\/3321"}],"wp:attachment":[{"href":"https:\/\/www.ptc.cz\/sk\/wp-json\/wp\/v2\/media?parent=3322"}],"curies":[{"name":"wp","href":"https:\/\/api.w.org\/{rel}","templated":true}]}}