{"id":3342,"date":"2023-06-12T11:54:31","date_gmt":"2023-06-12T09:54:31","guid":{"rendered":"https:\/\/www.ptc.cz\/co-liecime\/prostata\/rozdil-mezi-operaci-a-radioterapii\/"},"modified":"2024-07-16T13:24:29","modified_gmt":"2024-07-16T11:24:29","slug":"rakovinu-prostaty-je-mozne-liecit-niekolkymi-sposobmi","status":"publish","type":"page","link":"https:\/\/www.ptc.cz\/sk\/co-liecime\/prostata\/rakovinu-prostaty-je-mozne-liecit-niekolkymi-sposobmi\/","title":{"rendered":"Rakovinu prostaty je mo\u017en\u00e9 lie\u010di\u0165 nieko\u013ek\u00fdmi sp\u00f4sobmi"},"content":{"rendered":"","protected":false},"excerpt":{"rendered":"","protected":false},"author":1,"featured_media":3025,"parent":3335,"menu_order":455,"comment_status":"closed","ping_status":"closed","template":"template-service-detail-with-anchor-sidebar.php","meta":{"footnotes":""},"class_list":["post-3342","page","type-page","status-publish","has-post-thumbnail","hentry"],"acf":[],"aioseo_notices":[],"_links":{"self":[{"href":"https:\/\/www.ptc.cz\/sk\/wp-json\/wp\/v2\/pages\/3342","targetHints":{"allow":["GET"]}}],"collection":[{"href":"https:\/\/www.ptc.cz\/sk\/wp-json\/wp\/v2\/pages"}],"about":[{"href":"https:\/\/www.ptc.cz\/sk\/wp-json\/wp\/v2\/types\/page"}],"author":[{"embeddable":true,"href":"https:\/\/www.ptc.cz\/sk\/wp-json\/wp\/v2\/users\/1"}],"replies":[{"embeddable":true,"href":"https:\/\/www.ptc.cz\/sk\/wp-json\/wp\/v2\/comments?post=3342"}],"version-history":[{"count":3,"href":"https:\/\/www.ptc.cz\/sk\/wp-json\/wp\/v2\/pages\/3342\/revisions"}],"predecessor-version":[{"id":6795,"href":"https:\/\/www.ptc.cz\/sk\/wp-json\/wp\/v2\/pages\/3342\/revisions\/6795"}],"up":[{"embeddable":true,"href":"https:\/\/www.ptc.cz\/sk\/wp-json\/wp\/v2\/pages\/3335"}],"wp:featuredmedia":[{"embeddable":true,"href":"https:\/\/www.ptc.cz\/sk\/wp-json\/wp\/v2\/media\/3025"}],"wp:attachment":[{"href":"https:\/\/www.ptc.cz\/sk\/wp-json\/wp\/v2\/media?parent=3342"}],"curies":[{"name":"wp","href":"https:\/\/api.w.org\/{rel}","templated":true}]}}