{"id":3343,"date":"2023-06-12T12:01:44","date_gmt":"2023-06-12T10:01:44","guid":{"rendered":"https:\/\/www.ptc.cz\/co-liecime\/prostata\/jak-poznat-rakovinu-prostaty\/"},"modified":"2024-07-16T13:40:17","modified_gmt":"2024-07-16T11:40:17","slug":"jak-poznat-rakovinu-prostaty","status":"publish","type":"page","link":"https:\/\/www.ptc.cz\/sk\/co-liecime\/prostata\/jak-poznat-rakovinu-prostaty\/","title":{"rendered":"Rakovina prostaty"},"content":{"rendered":"<p><strong>V\u010faka testu PSA sme schopn\u00ed zachyti\u0165 rakovinu prostaty u\u017e v&nbsp;skorom \u0161t\u00e1diu.<\/strong> Zv\u00fd\u0161en\u00e1 hladina prostatick\u00e9ho \u0161pecifick\u00e9ho antig\u00e9nu (PSA) v&nbsp;krvi, \u010do je bielkovina vytv\u00e1ran\u00e1 bunkami prostaty, je jedn\u00fdm z&nbsp;ukazovate\u013eov karcin\u00f3mu prostaty, ale objavuje sa aj u&nbsp;niektor\u00fdch nezhubn\u00fdch ochoren\u00ed tejto \u010dasti mu\u017esk\u00e9ho tela, napr\u00edklad z\u00e1palu prostaty alebo ben\u00edgnej hyperpl\u00e1zii prostaty.<\/p>\n<p>V&nbsp;pr\u00edpade, \u017ee v\u00e1m bola zisten\u00e1 rakovina prostaty a&nbsp;neviete, ako postupova\u0165, potrebujete \u010fal\u0161ie inform\u00e1cie alebo v\u00e1hate, ak\u00fa lie\u010dbu si vybra\u0165, kontaktuje na\u0161ich koordin\u00e1torov lie\u010dby.<\/p>\n<p>Ochotne odpovie na&nbsp;v\u0161etky va\u0161e ot\u00e1zky a&nbsp;dojednaj\u00fa v\u00e1m term\u00edn bezplatn\u00e9ho nez\u00e1v\u00e4zn\u00e9ho vy\u0161etrenia.<\/p>\n<h3>Objednajte sa na&nbsp;telef\u00f3nnom \u010d\u00edsle +420&nbsp;222&nbsp;999&nbsp;000.<\/h3>\n<p style=\"text-align: left;\"><a  target=\"\"  class=\"button\" href=\"\/sk\/kontakt\/\">Kontaktujte n\u00e1s<\/a><\/p>\n","protected":false},"excerpt":{"rendered":"<p>V\u010faka testu PSA sme schopn\u00ed zachyti\u0165 rakovinu prostaty u\u017e v&nbsp;skorom \u0161t\u00e1diu. Zv\u00fd\u0161en\u00e1 hladina prostatick\u00e9ho \u0161pecifick\u00e9ho antig\u00e9nu (PSA) v&nbsp;krvi, \u010do je bielkovina vytv\u00e1ran\u00e1 bunkami prostaty, je jedn\u00fdm z&nbsp;ukazovate\u013eov karcin\u00f3mu prostaty, ale objavuje sa aj u&nbsp;niektor\u00fdch nezhubn\u00fdch ochoren\u00ed tejto \u010dasti mu\u017esk\u00e9ho tela, napr\u00edklad z\u00e1palu prostaty alebo ben\u00edgnej hyperpl\u00e1zii prostaty. V&nbsp;pr\u00edpade, \u017ee v\u00e1m bola zisten\u00e1 rakovina prostaty a&nbsp;neviete,&#8230;<\/p>\n","protected":false},"author":1,"featured_media":3037,"parent":3335,"menu_order":459,"comment_status":"closed","ping_status":"closed","template":"template-service-detail-with-sidebar.php","meta":{"footnotes":""},"class_list":["post-3343","page","type-page","status-publish","has-post-thumbnail","hentry"],"acf":[],"aioseo_notices":[],"_links":{"self":[{"href":"https:\/\/www.ptc.cz\/sk\/wp-json\/wp\/v2\/pages\/3343","targetHints":{"allow":["GET"]}}],"collection":[{"href":"https:\/\/www.ptc.cz\/sk\/wp-json\/wp\/v2\/pages"}],"about":[{"href":"https:\/\/www.ptc.cz\/sk\/wp-json\/wp\/v2\/types\/page"}],"author":[{"embeddable":true,"href":"https:\/\/www.ptc.cz\/sk\/wp-json\/wp\/v2\/users\/1"}],"replies":[{"embeddable":true,"href":"https:\/\/www.ptc.cz\/sk\/wp-json\/wp\/v2\/comments?post=3343"}],"version-history":[{"count":2,"href":"https:\/\/www.ptc.cz\/sk\/wp-json\/wp\/v2\/pages\/3343\/revisions"}],"predecessor-version":[{"id":6796,"href":"https:\/\/www.ptc.cz\/sk\/wp-json\/wp\/v2\/pages\/3343\/revisions\/6796"}],"up":[{"embeddable":true,"href":"https:\/\/www.ptc.cz\/sk\/wp-json\/wp\/v2\/pages\/3335"}],"wp:featuredmedia":[{"embeddable":true,"href":"https:\/\/www.ptc.cz\/sk\/wp-json\/wp\/v2\/media\/3037"}],"wp:attachment":[{"href":"https:\/\/www.ptc.cz\/sk\/wp-json\/wp\/v2\/media?parent=3343"}],"curies":[{"name":"wp","href":"https:\/\/api.w.org\/{rel}","templated":true}]}}