{"id":3344,"date":"2024-01-08T13:40:30","date_gmt":"2024-01-08T12:40:30","guid":{"rendered":"https:\/\/www.ptc.cz\/co-liecime\/prostata\/jak-poznat-rakovinu-prostaty\/psa\/"},"modified":"2024-06-12T10:16:19","modified_gmt":"2024-06-12T08:16:19","slug":"prostaticky-specificky-antigen-psa","status":"publish","type":"page","link":"https:\/\/www.ptc.cz\/sk\/co-liecime\/prostata\/jak-poznat-rakovinu-prostaty\/prostaticky-specificky-antigen-psa\/","title":{"rendered":"Prostatick\u00fd \u0161pecifick\u00fd antig\u00e9n &#8211; PSA"},"content":{"rendered":"<h3>Test PSA<\/h3>\n<p><strong>Ak sa hodnota PSA v&nbsp;krvi zv\u00fd\u0161i nad&nbsp;stanoven\u00fd limit (ur\u010duje sa pod\u013ea veku a&nbsp;ve\u013ekosti prostaty!), odpor\u00fa\u010da sa vykona\u0165 \u010fal\u0161ie vy\u0161etrenie prostaty, najm\u00e4 vy\u0161etrenie per rectum, ultrazvukov\u00e9 vy\u0161etrenie, magnetick\u00fa rezonanciu prostaty, biopsiu prostaty.<\/strong><\/p>\n<p><strong>Pre mu\u017eov vo veku 40 \u2013 49 rokov bola navrhnut\u00e1 horn\u00e1 hranica PSA 2,5 ng\/ml, v&nbsp;50 \u2013 59 rokoch 3,5 ng\/ml, v&nbsp;60 \u2013 69 rokoch 4,5 ng\/ml a&nbsp;od 70 rokov vy\u0161\u0161ie 6, 5 ng\/ml*<\/strong><\/p>\n<div class=\"gdc_row\">\n<div class=\"gdc_column gdc_chalf\">\n<div class=\"gdc_inner\">\n<p>Prostatick\u00fd \u0161pecifick\u00fd antig\u00e9n (PSA) je v&nbsp;s\u00fa\u010dasnosti klinicky najv\u00fdznamnej\u0161\u00edm ukazovate\u013eom (markerom) karcin\u00f3mu prostaty. Je to enz\u00fdm produkovan\u00fd norm\u00e1lnymi aj rakovinov\u00fdmi bunkami prostaty a&nbsp;vy\u0161etrenie jeho koncentr\u00e1cie v&nbsp;krvi je be\u017ene pou\u017e\u00edvanou met\u00f3dou v&nbsp;diagnostike karcin\u00f3mu prostaty.Skratka PSA ozna\u010duje bielkovinu, ktor\u00fa produkuj\u00fa \u017e\u013eazy prostaty.<\/p>\n<p>Z\u00e1kladnou funkciou bielkoviny PSA je skvapalnenie spermi\u00ed, jej najv\u00e4\u010d\u0161ia koncentr\u00e1cia je teda v&nbsp;semene a&nbsp;len mal\u00e1 \u010das\u0165 je uvo\u013enen\u00e1 do krvi. Ka\u017ed\u00fd mu\u017e s&nbsp;prostatou m\u00e1 teda ur\u010dit\u00fa hladinu PSA. V&nbsp;pr\u00edpade, \u017ee je \u0161trukt\u00fara buniek a&nbsp;\u017eliazok prostaty po\u0161koden\u00e1 (napr\u00edklad pr\u00e1ve n\u00e1dorom prostaty), sa PSA dost\u00e1va do krvi vo vy\u0161\u0161om mno\u017estve.<\/p>\n<p>Vy\u0161etrenie krvi na&nbsp;stanovenie hladiny PSA sa vykon\u00e1va nielen u&nbsp;mu\u017eov s&nbsp;pr\u00edznakmi ochorenia rakoviny prostaty (ako je napr\u00edklad \u0165a\u017ek\u00e9 mo\u010denie, probl\u00e9my s&nbsp;erekciou \u010di bolesti v&nbsp;panvici a&nbsp;chrbte a&nbsp;pod.), ale vykon\u00e1va sa aj u&nbsp;mu\u017eov bez pr\u00edznakov ako prevent\u00edvne vy\u0161etrenie. \u00daspech lie\u010dby zhubn\u00fdch n\u00e1dorov je takmer v\u017edy z\u00e1visl\u00fd od v\u010dasn\u00e9ho rozpoznania zhubn\u00e9ho n\u00e1doru a&nbsp;presn\u00e9ho stanovenia diagn\u00f3zy.<\/p>\n<\/div>\n<\/div>\n<div class=\"gdc_column gdc_chalf\">\n<div class=\"gdc_inner\">\n<p>Zv\u00fd\u0161en\u00fa hladinu celkov\u00e9ho PSA v&nbsp;s\u00e9re m\u00f4\u017eeme pozorova\u0165 pri karcin\u00f3me prostaty, ale aj pri in\u00fdch ochoreniach, napr. ben\u00edgnej hyperpl\u00e1zii prostaty, z\u00e1pale prostaty, pri ak\u00fatnej retencii mo\u010du \u010di po niektor\u00fdch urologick\u00fdch manipul\u00e1ci\u00e1ch. Objavuje sa aj po pohlavnom styku. Niektor\u00e9 typy n\u00e1dorov prostaty ale na&nbsp;hladinu PSA v&nbsp;krvi bohu\u017eia\u013e nemusia ma\u0165 \u017eiadny vplyv. Preto je nevyhnutn\u00e9 aj dopl\u0148uj\u00face vy\u0161etrenie \u201eper rectum\u201c.<\/p>\n<p>** Hodnota PSA je z\u00e1visl\u00e1 na&nbsp;veku a&nbsp;ve\u013ekosti prostaty, preto pre ka\u017ed\u00e9ho individu\u00e1lneho mu\u017ea existuje mierne odli\u0161n\u00e1 \u201enorm\u00e1lna\u201c hladina PSA. Za norm\u00e1lnych okolnost\u00ed je hladina PSA v&nbsp;s\u00e9re pod&nbsp;4 ng\/ml, \u010do je hodnota, ktor\u00e1 je medzin\u00e1rodne uzn\u00e1van\u00e1 ako deliaca l\u00ednia medzi norm\u00e1lnou a&nbsp;zv\u00fd\u0161enou hodnotou PSA. Probl\u00e9my pri diagnostike karcin\u00f3mu prostaty prostredn\u00edctvom merania PSA sp\u00f4sobuje fakt, \u017ee a\u017e 20% pacientov so zhubn\u00fdm n\u00e1dorom m\u00e1 hladinu PSA ni\u017e\u0161iu ako 4 ng\/ml a&nbsp;naopak z\u010faleka nie ka\u017ed\u00fd pacient s&nbsp;PSA v&nbsp;hodnot\u00e1ch 4 \u2013 10 ng\/ml m\u00e1 karcin\u00f3m prostaty. Hovor\u00edme o&nbsp;tzv. diagnostickej \u0161edej z\u00f3ne, v&nbsp;ktorej sa karcin\u00f3m vyskytuje iba u&nbsp;25% pacientov.<\/p>\n<\/div>\n<\/div>\n<\/div>\n<h6>*citov\u00e1no dne 8.1.2024\u00a0z https:\/\/urosante.cz\/urologie\/prostaticky-specificky-antigen\/<\/h6>\n<h6>** citov\u00e1no dne 8.1.2024 z&nbsp;https:\/\/www.cus.cz\/pro-pacienty\/diagnozy\/karcinom-prostaty\/ a&nbsp;https:\/\/urosante.cz\/urologie\/prostaticky-specificky-antigen\/<\/h6>\n","protected":false},"excerpt":{"rendered":"<p>Test PSA Ak sa hodnota PSA v&nbsp;krvi zv\u00fd\u0161i nad&nbsp;stanoven\u00fd limit (ur\u010duje sa pod\u013ea veku a&nbsp;ve\u013ekosti prostaty!), odpor\u00fa\u010da sa vykona\u0165 \u010fal\u0161ie vy\u0161etrenie prostaty, najm\u00e4 vy\u0161etrenie per rectum, ultrazvukov\u00e9 vy\u0161etrenie, magnetick\u00fa rezonanciu prostaty, biopsiu prostaty. Pre mu\u017eov vo veku 40 \u2013 49 rokov bola navrhnut\u00e1 horn\u00e1 hranica PSA 2,5 ng\/ml, v&nbsp;50 \u2013 59 rokoch 3,5 ng\/ml, v&nbsp;60&#8230;<\/p>\n","protected":false},"author":5,"featured_media":0,"parent":3343,"menu_order":466,"comment_status":"closed","ping_status":"closed","template":"template-service-detail-with-sidebar.php","meta":{"footnotes":""},"class_list":["post-3344","page","type-page","status-publish","hentry"],"acf":[],"aioseo_notices":[],"_links":{"self":[{"href":"https:\/\/www.ptc.cz\/sk\/wp-json\/wp\/v2\/pages\/3344","targetHints":{"allow":["GET"]}}],"collection":[{"href":"https:\/\/www.ptc.cz\/sk\/wp-json\/wp\/v2\/pages"}],"about":[{"href":"https:\/\/www.ptc.cz\/sk\/wp-json\/wp\/v2\/types\/page"}],"author":[{"embeddable":true,"href":"https:\/\/www.ptc.cz\/sk\/wp-json\/wp\/v2\/users\/5"}],"replies":[{"embeddable":true,"href":"https:\/\/www.ptc.cz\/sk\/wp-json\/wp\/v2\/comments?post=3344"}],"version-history":[{"count":3,"href":"https:\/\/www.ptc.cz\/sk\/wp-json\/wp\/v2\/pages\/3344\/revisions"}],"predecessor-version":[{"id":3517,"href":"https:\/\/www.ptc.cz\/sk\/wp-json\/wp\/v2\/pages\/3344\/revisions\/3517"}],"up":[{"embeddable":true,"href":"https:\/\/www.ptc.cz\/sk\/wp-json\/wp\/v2\/pages\/3343"}],"wp:attachment":[{"href":"https:\/\/www.ptc.cz\/sk\/wp-json\/wp\/v2\/media?parent=3344"}],"curies":[{"name":"wp","href":"https:\/\/api.w.org\/{rel}","templated":true}]}}