{"id":3345,"date":"2023-09-14T15:53:52","date_gmt":"2023-09-14T13:53:52","guid":{"rendered":"https:\/\/www.ptc.cz\/co-liecime\/prostata\/jak-poznat-rakovinu-prostaty\/priznaky-rakoviny-prostaty\/"},"modified":"2024-07-16T13:40:52","modified_gmt":"2024-07-16T11:40:52","slug":"priznaky-rakoviny-prostaty","status":"publish","type":"page","link":"https:\/\/www.ptc.cz\/sk\/co-liecime\/prostata\/jak-poznat-rakovinu-prostaty\/priznaky-rakoviny-prostaty\/","title":{"rendered":"Pr\u00edznaky rakoviny prostaty"},"content":{"rendered":"<div class=\"gdc_row\">\n<div class=\"gdc_column gdc_chalf\">\n<div class=\"gdc_inner\">\n<p>Najv\u00e4\u010d\u0161ie nebezpe\u010denstvo karcin\u00f3mu prostaty spo\u010d\u00edva v&nbsp;tom, \u017ee sa v&nbsp;po\u010diato\u010dn\u00fdch \u0161t\u00e1di\u00e1ch choroby u&nbsp;pacienta neprejavuj\u00fa \u017eiadne pr\u00edznaky. \u010casto sa st\u00e1va, \u017ee je n\u00e1dor odhalen\u00fd a\u017e v\u010faka vzdialen\u00fdm metast\u00e1zam.<\/p>\n<p><strong>K\u013e\u00fa\u010dov\u00fa \u00falohu v&nbsp;lie\u010dbe karcin\u00f3mu prostaty teda zohr\u00e1va prevencia.<\/strong><\/p>\n<p>V&nbsp;neskor\u0161\u00edch \u0161t\u00e1di\u00e1ch choroby m\u00f4\u017ee \u010dlovek postihnut\u00fd karcin\u00f3mom prostaty poci\u0165ova\u0165 mno\u017estvo pr\u00edznakov, mnoho z&nbsp;nich v\u0161ak m\u00f4\u017ee signalizova\u0165 aj in\u00e9 ochorenia. Medzi tieto pr\u00edznaky patr\u00ed potreba \u010dast\u00e9ho mo\u010denia (hlavne v&nbsp;noci), \u0165a\u017ekosti pri mo\u010den\u00ed, krv v&nbsp;mo\u010di alebo v&nbsp;spermi\u00e1ch, probl\u00e9my s&nbsp;erekciou, boles\u0165 pri ejakul\u00e1cii, \u010dast\u00e1 boles\u0165 alebo stuhnutos\u0165 v&nbsp;pleciach, bokoch alebo v&nbsp;hornej \u010dasti stehien.<\/p>\n<p><strong>Ak sa u&nbsp;v\u00e1s objavil min. jeden z&nbsp;nasleduj\u00facich probl\u00e9mov, nemus\u00ed \u00eds\u0165 o&nbsp;zhubn\u00fd n\u00e1dor prostaty, ale mali by ste nav\u0161t\u00edvi\u0165 svojho praktick\u00e9ho lek\u00e1ra alebo priamo svojho urol\u00f3ga:<\/strong><\/p>\n<ul>\n<li>\u0164a\u017ek\u00e9 mo\u010denie.<\/li>\n<li>Probl\u00e9m spusti\u0165 mo\u010denie, neschopnos\u0165 mo\u010denia zastavi\u0165.<\/li>\n<li>\u010cast\u00e9 mo\u010denie, najm\u00e4 v&nbsp;noci.<\/li>\n<li>Slab\u00fd a&nbsp;preru\u0161ovan\u00fd pr\u00fad mo\u010du.<\/li>\n<li>Boles\u0165, p\u00e1lenie pri mo\u010den\u00ed.<\/li>\n<li>Krv v&nbsp;mo\u010di alebo v&nbsp;spermi\u00e1ch.<\/li>\n<li>Probl\u00e9my s&nbsp;erekciou.<\/li>\n<li>Bolesti v&nbsp;panvici, chrbte.<\/li>\n<\/ul>\n<\/div>\n<\/div>\n<div class=\"gdc_column gdc_chalf\">\n<div class=\"gdc_inner\">\n<p>Najjednoduch\u0161\u00edm a&nbsp;klinicky najv\u00fdznamnej\u0161\u00edm ukazovate\u013eom rakoviny prostaty je prostatick\u00fd \u0161pecifick\u00fd antig\u00e9n (PSA) v&nbsp;krvi. Zv\u00fd\u0161en\u00e1 koncentr\u00e1cia PSA v&nbsp;krvi nasved\u010duje tomu, \u017ee sa zv\u00e4\u010d\u0161ila priestupnos\u0165 stien prostaty n\u00e1sledkom patologick\u00fdch zmien, napr\u00edklad pr\u00e1ve n\u00e1dorom, ktor\u00fd je mo\u017en\u00e9 v\u010faka vy\u0161etreniu krvi v\u00e4\u010d\u0161inou odhali\u0165 u\u017e v&nbsp;ranom \u0161t\u00e1diu.<\/p>\n<p>N\u00e1dor prostaty metast\u00e1zuje naj\u010dastej\u0161ie cez lymfatick\u00e9 uzliny do kost\u00ed, p\u013e\u00fac, pe\u010dene, nervovej s\u00fastavy, obli\u010diek. Pri zanedban\u00ed prevencie je karcin\u00f3m prostaty \u010dasto odhalen\u00fd a\u017e v&nbsp;\u0161t\u00e1diu metast\u00e1z, ktor\u00e9 sp\u00f4sobuj\u00fa boles\u0165 alebo stuhnutos\u0165 v&nbsp;chrbte, bedr\u00e1ch, kon\u010datin\u00e1ch. Rakovinu tie\u017e sprev\u00e1dza celkov\u00e1 slabos\u0165, nechutenstvo a&nbsp;\u00fabytok telesnej hmotnosti.<\/p>\n<p><img loading=\"lazy\" decoding=\"async\" class=\"alignnone wp-image-1883 size-thumbnail\" src=\"https:\/\/www.ptc.cz\/wp-content\/uploads\/2024\/01\/shutterstock_2005053044-s-800x650.jpg\" alt=\"\" width=\"800\" height=\"650\" \/><\/p>\n<\/div>\n<\/div>\n<\/div>\n<p>&nbsp;<\/p>\n<p style=\"text-align: center;\"><a  target=\"\"  class=\"button\" href=\"\/sk\/kontakt\/\">Kontaktujte n\u00e1s<\/a><\/p>\n","protected":false},"excerpt":{"rendered":"<p>&nbsp;<\/p>\n","protected":false},"author":9,"featured_media":3028,"parent":3343,"menu_order":468,"comment_status":"closed","ping_status":"closed","template":"template-service-detail-with-sidebar.php","meta":{"footnotes":""},"class_list":["post-3345","page","type-page","status-publish","has-post-thumbnail","hentry"],"acf":[],"aioseo_notices":[],"_links":{"self":[{"href":"https:\/\/www.ptc.cz\/sk\/wp-json\/wp\/v2\/pages\/3345","targetHints":{"allow":["GET"]}}],"collection":[{"href":"https:\/\/www.ptc.cz\/sk\/wp-json\/wp\/v2\/pages"}],"about":[{"href":"https:\/\/www.ptc.cz\/sk\/wp-json\/wp\/v2\/types\/page"}],"author":[{"embeddable":true,"href":"https:\/\/www.ptc.cz\/sk\/wp-json\/wp\/v2\/users\/9"}],"replies":[{"embeddable":true,"href":"https:\/\/www.ptc.cz\/sk\/wp-json\/wp\/v2\/comments?post=3345"}],"version-history":[{"count":4,"href":"https:\/\/www.ptc.cz\/sk\/wp-json\/wp\/v2\/pages\/3345\/revisions"}],"predecessor-version":[{"id":6797,"href":"https:\/\/www.ptc.cz\/sk\/wp-json\/wp\/v2\/pages\/3345\/revisions\/6797"}],"up":[{"embeddable":true,"href":"https:\/\/www.ptc.cz\/sk\/wp-json\/wp\/v2\/pages\/3343"}],"wp:featuredmedia":[{"embeddable":true,"href":"https:\/\/www.ptc.cz\/sk\/wp-json\/wp\/v2\/media\/3028"}],"wp:attachment":[{"href":"https:\/\/www.ptc.cz\/sk\/wp-json\/wp\/v2\/media?parent=3345"}],"curies":[{"name":"wp","href":"https:\/\/api.w.org\/{rel}","templated":true}]}}