{"id":8153,"date":"2025-04-14T15:54:04","date_gmt":"2025-04-14T13:54:04","guid":{"rendered":"https:\/\/www.ptc.cz\/?page_id=8153"},"modified":"2025-04-24T14:17:08","modified_gmt":"2025-04-24T12:17:08","slug":"na-co-sa-nas-najcastejsie-pytate","status":"publish","type":"page","link":"https:\/\/www.ptc.cz\/sk\/moderna-diagnostika\/magneticka-rezonancia\/na-co-sa-nas-najcastejsie-pytate\/","title":{"rendered":"Na \u010do sa n\u00e1s naj\u010dastej\u0161ie p\u00fdtate"},"content":{"rendered":"<p><strong><span style=\"color: #44c0eb;\">\u010co si m\u00e1m vzia\u0165 so sebou na&nbsp;vy\u0161etrenie magnetickou rezonanciou?<\/span><\/strong><\/p>\n<p>Na&nbsp;vy\u0161etrenie magnetickou rezonanciou si je nutn\u00e9 prinies\u0165 nasleduj\u00face:<\/p>\n<ul>\n<li>origin\u00e1l vyplnenej \u017eiadanky na&nbsp;vy\u0161etrenie (s\u00a0pe\u010diatkou zdravotn\u00edckeho zariadenia a\u00a0podpisom lek\u00e1ra),<\/li>\n<li>ob\u010diansky alebo in\u00fd doklad toto\u017enosti,<\/li>\n<li>platn\u00fa karti\u010dku poistenca.<\/li>\n<\/ul>\n<p>O&nbsp;pr\u00edpadn\u00fdch \u010fal\u0161\u00edch n\u00e1le\u017eitostiach t\u00fdkaj\u00facich sa vy\u0161etrenia v\u00e1s bude informova\u0165 person\u00e1l RDG recepcie.<\/p>\n<p><span style=\"color: #44c0eb;\"><strong>Potrebujem na&nbsp;vy\u0161etrenie \u017eiadanku?<\/strong><\/span><\/p>\n<p>\u00c1no, \u017eiadanku je nutn\u00e9 ma\u0165, preto\u017ee bez nej nie je mo\u017en\u00e9 vy\u0161etrenie uskuto\u010dni\u0165. K\u00f3pia n\u00e1m nesta\u010d\u00ed, zdravotn\u00e9 pois\u0165ovne v\u00a0r\u00e1mci vykon\u00e1van\u00fdch kontrol po\u017eaduj\u00fa po zdravotn\u00edckych zariadeniach predlo\u017eenie origin\u00e1lu \u017eiadaniek v\u00a0s\u00falade s\u00a0vyhl\u00e1\u0161kami MZ\u010cR. Indikuj\u00faci lek\u00e1r m\u00e1 povinnos\u0165 origin\u00e1l \u017eiadanky vyda\u0165, preto pros\u00edme o\u00a0s\u00fa\u010dinnos\u0165.<\/p>\n<p><span style=\"color: #44c0eb;\"><strong>M\u00e1m pr\u00eds\u0165 na&nbsp;vy\u0161etrenie sk\u00f4r?<\/strong><\/span><\/p>\n<p>Odpor\u00fa\u010dame pr\u00eds\u0165 pribli\u017ene 30 min\u00fat pred pl\u00e1novan\u00fdm term\u00ednom vy\u0161etrenia, aby ste mali dostatok \u010dasu na&nbsp;vyplnenie dotazn\u00edka a\u00a0pou\u010denie pred MR vy\u0161etren\u00edm.<\/p>\n<p><span style=\"color: #44c0eb;\"><strong>Ako dlho vy\u0161etrenie trv\u00e1?<\/strong><\/span><\/p>\n<p>D\u013a\u017eka vy\u0161etrenia sa obvykle pohybuje medzi 25 a\u017e 90 min\u00fatami, v\u00a0z\u00e1vislosti od typu a\u00a0rozsahu vy\u0161etrenia.<\/p>\n<p><span style=\"color: #44c0eb;\"><strong>Je vy\u0161etrenie bolestiv\u00e9?<\/strong><\/span><\/p>\n<p>Vy\u0161etrenie magnetickou rezonanciou je nebolestiv\u00e9. Niektor\u00ed pacienti v\u0161ak m\u00f4\u017eu poci\u0165ova\u0165 ur\u010dit\u00e9 nepohodlie, napr\u00edklad z\u00a0d\u00f4vodu nutnosti le\u017ea\u0165 v\u00a0\u00faplnom pokoji alebo hlu\u010dnosti pr\u00edstroja (zvuky pripom\u00ednaj\u00face b\u00fachanie).<\/p>\n<p><span style=\"color: #44c0eb;\"><strong>\u010co budem c\u00edti\u0165 po\u010das vy\u0161etrenia?<\/strong><\/span><\/p>\n<p>Magnetick\u00fa rezonanciu m\u00f4\u017eu hor\u0161ie zn\u00e1\u0161a\u0165 \u013eudia trpiaci klaustrof\u00f3biou. Ak trp\u00edte klaustrof\u00f3biou, informujte svojho lek\u00e1ra, ktor\u00fd v\u00e1m m\u00f4\u017ee predp\u00edsa\u0165 upokojuj\u00face lieky.<\/p>\n<p><span style=\"color: #44c0eb;\"><strong>M\u00f4\u017eem si vzia\u0165 so sebou sl\u00fachadl\u00e1?<\/strong><\/span><\/p>\n<p>Do vy\u0161etrovne magnetickej rezonancie je zak\u00e1zan\u00e9 prin\u00e1\u0161a\u0165 ak\u00fako\u013evek elektroniku vr\u00e1tane sl\u00fachadiel.<\/p>\n<p><span style=\"color: #44c0eb;\"><strong>Ak\u00e9 oble\u010denie si m\u00e1m obliec\u0165?<\/strong><\/span><\/p>\n<p>Oble\u010denie by nemalo obsahova\u0165 kovov\u00e9 prvky (napr. zipsy, gomb\u00edky, cvoky, spony). Odpor\u00fa\u010dame bavlnen\u00e9 tri\u010dko a\u00a0podprsenku bez kost\u00edc a\u00a0h\u00e1\u010dikov. Pred vy\u0161etren\u00edm sa budete musie\u0165 vyzu\u0165.<\/p>\n<p><span style=\"color: #44c0eb;\"><strong>M\u00f4\u017eem ma\u0165 zubn\u00fd stroj\u010dek?<\/strong><\/span><\/p>\n<p>Magnetick\u00fa rezonanciu m\u00f4\u017eu absolvova\u0165 aj pacienti s\u00a0fixn\u00fdm zubn\u00fdm stroj\u010dekom. V\u00a0pr\u00edpade, \u017ee sa vy\u0161etrovan\u00e1 oblas\u0165 nach\u00e1dza bl\u00edzko ortodontick\u00e9ho apar\u00e1tu a\u00a0jeho pr\u00edtomnos\u0165 by mohla ovplyvni\u0165 kvalitu v\u00fdsledn\u00e9ho obrazu, m\u00f4\u017eete po konzult\u00e1cii so svoj\u00edm lek\u00e1rom po\u017eiada\u0165 ortodontistu o\u00a0do\u010dasn\u00e9 s\u0148atie zubn\u00e9ho stroj\u010deka.<\/p>\n<p><span style=\"color: #44c0eb;\"><strong>M\u00f4\u017ee vy\u0161etrenie sp\u00f4sobi\u0165 ved\u013eaj\u0161ie \u00fa\u010dinky?<\/strong><\/span><\/p>\n<p>Vy\u0161etrenie magnetickou rezonanciou je bezpe\u010dn\u00e9 a\u00a0obvykle nesp\u00f4sobuje \u017eiadne ved\u013eaj\u0161ie \u00fa\u010dinky. Ak treba poda\u0165 kontrastn\u00fa l\u00e1tku (rozhoduje lek\u00e1r), m\u00f4\u017eu sa ve\u013emi zriedka vyskytn\u00fa\u0165 ne\u017eiaduce reakcie (napr. v\u00a0podobe nieko\u013ek\u00fdch svrbiv\u00fdch pupienkov). Vplyvom magnetick\u00e9ho po\u013ea m\u00f4\u017ee doch\u00e1dza\u0165 k\u00a0miernemu zahrievaniu tela. Na&nbsp;ochranu sluchu a\u00a0zv\u00fd\u0161enie komfortu vy\u0161etrenia v\u00e1m bud\u00fa pon\u00faknut\u00e9 upch\u00e1vky do u\u0161\u00ed.<\/p>\n<p><span style=\"color: #44c0eb;\"><strong>M\u00f4\u017eem si zaplati\u0165 vy\u0161etrenie ako samoplatca?<\/strong><\/span><\/p>\n<p>\u00c1no, je mo\u017en\u00e9 si vy\u0161etrenie zaplati\u0165 ako samoplatca, ale mus\u00edte ma\u0165 vystaven\u00fa \u017eiadanku od lek\u00e1ra. Cena vy\u0161etrenia bude spresnen\u00e1 po zaslan\u00ed \u017eiadanky.<\/p>\n<p><span style=\"color: #44c0eb;\"><strong>M\u00f4\u017eem si necha\u0165 obr\u00e1zky z\u00a0vy\u0161etrenia na&nbsp;nosi\u010di (CD, USB)?<\/strong><\/span><\/p>\n<p>Obrazov\u00fa dokument\u00e1ciu v\u00e1m m\u00f4\u017eeme vyp\u00e1li\u0165 na&nbsp;CD nosi\u010d. Poskytnutie k\u00f3pie obrazovej dokument\u00e1cie je spoplatnen\u00e9 pod\u013ea aktu\u00e1lneho cenn\u00edka PTC sumou 200&nbsp;K\u010d. Platbu je mo\u017en\u00e9 uhradi\u0165 v\u00a0hotovosti alebo kartou na&nbsp;RDG recepcii. CD je mo\u017en\u00e9 vyp\u00e1li\u0165 aj sp\u00e4tne z\u00a0u\u017e vykonan\u00fdch vy\u0161etren\u00ed. Obrazov\u00fa dokument\u00e1ciu nie je mo\u017en\u00e9 z\u00a0bezpe\u010dnostn\u00fdch d\u00f4vodov zasla\u0165 e-mailom ani nahra\u0165 na&nbsp;USB.<\/p>\n<p><span style=\"color: #44c0eb;\"><strong>Kedy dostanem v\u00fdsledky vy\u0161etrenia?<\/strong><\/span><\/p>\n<p>V\u00fdsledky vy\u0161etrenia dostane lek\u00e1r, ktor\u00fd \u017eiadanku vystavil. Zasielame ich doporu\u010den\u00fdm listom, doru\u010denie trv\u00e1 obvykle 5\u00a0\u2013 7 pracovn\u00fdch dn\u00ed. Ak m\u00e1 lek\u00e1r pr\u00edstup k\u00a0syst\u00e9mu ePACS, m\u00f4\u017eeme sn\u00edmky zasla\u0165 aj elektronicky ihne\u010f po vy\u0161etren\u00ed. Na&nbsp;va\u0161u \u017eiados\u0165 v\u00e1m m\u00f4\u017eeme zasla\u0165 popis z\u00a0vy\u0161etrenia aj e-mailom v\u00a0zaheslovanom s\u00fabore.<\/p>\n<p><span style=\"color: #44c0eb;\"><strong>Ak\u00e9 s\u00fa \u010dakacie term\u00edny na&nbsp;vy\u0161etrenie?<\/strong><\/span><\/p>\n<p>Objedn\u00e1vacia lehota z\u00e1vis\u00ed od typu vy\u0161etrovanej oblasti, priemerne sa term\u00edny pohybuj\u00fa v\u00a0rozmedz\u00ed 3 t\u00fd\u017ed\u0148ov.<\/p>\n<p><span style=\"color: #44c0eb;\"><strong>Ako sa dostanem do Prot\u00f3nov\u00e9ho centra?<\/strong><\/span><\/p>\n<p>Prot\u00f3nov\u00e9 centrum je samostatn\u00e9 zdravotn\u00edcke zariadenie, ktor\u00e9ho budovu uvid\u00edte z\u00a0magistr\u00e1ly. Nach\u00e1dza sa vo svahu na&nbsp;severnom okraji are\u00e1lu pra\u017eskej Fakultnej nemocnice Bulovka medzi budovou \u00dastavu radia\u010dnej onkol\u00f3gie (budova 16) a\u00a0Klinikou pneumol\u00f3gie a\u00a0hrudnej chirurgie (budova 4).<strong>\u00a0<\/strong><\/p>\n<p><span style=\"color: #44c0eb;\"><strong>M\u00f4\u017eem zaparkova\u0165 u\u00a0v\u00e1s?<\/strong><\/span><\/p>\n<p>\u00c1no, m\u00e1me k\u00a0dispoz\u00edcii parkovisko priamo pri hlavnom vchode Prot\u00f3nov\u00e9ho centra, v\u00a0are\u00e1li Fakultnej nemocnice Bulovka. Vjazd je po 30 min\u00fatach spoplatnen\u00fd.<\/p>\n<p><span style=\"color: #44c0eb;\"><strong>M\u00f4\u017eem by\u0165 na&nbsp;magnetickej rezonancii hlavou von?<\/strong><\/span><\/p>\n<p>V\u00a0pr\u00edpade tejto po\u017eiadavky z\u00e1le\u017e\u00ed na&nbsp;type vy\u0161etrovanej oblasti. V\u017edy sa v\u00e1m pok\u00fasime vyjs\u0165 \u010do najviac v\u00a0\u00fastrety, ale pri niektor\u00fdch \u010dastiach tela to nie je mo\u017en\u00e9. Po konzult\u00e1cii s\u00a0va\u0161\u00edm lek\u00e1rom je mo\u017en\u00e9 vy\u0161etrenie absolvova\u0165 v\u00a0analgosed\u00e1cii (s\u00a0pou\u017eit\u00edm upokojuj\u00facich liekov).<strong>\u00a0<\/strong><\/p>\n<p><span style=\"color: #44c0eb;\"><strong>Ak\u00fd pr\u00edstroj pou\u017e\u00edvate?<\/strong><\/span><\/p>\n<p>Na\u0161e pracovisko vlastn\u00ed dva pr\u00edstroje od firmy Siemens \u2013 MAGNETOM Sola so silou 1,5\u00a0T.<\/p>\n<p><span style=\"color: #44c0eb;\"><strong>Ak\u00fd je priemer a\u00a0nosnos\u0165 stola?<\/strong><\/span><\/p>\n<p>Priemer gantry (tunela) je 70 cm a&nbsp;nosnos\u0165 stola je do 150&nbsp;kg. Priemer naj\u0161ir\u0161ej \u010dasti v\u00e1\u0161ho tela v\u0161ak nem\u00f4\u017ee presiahnu\u0165 65 cm. Vy\u0161etrenie sa vykon\u00e1va pole\u017eia\u010dky.<\/p>\n<p><span style=\"color: #44c0eb;\"><strong>Kedy pr\u00eddu v\u00fdsledky lek\u00e1rovi a\u00a0ako ich z\u00edskam ja?<\/strong><\/span><\/p>\n<p>Na\u0161i lek\u00e1ri vyhotovia v\u00fdsledky zhruba do 2 pracovn\u00fdch dn\u00ed. V\u00fdsledky zasielame doporu\u010denou po\u0161tou lek\u00e1rovi, ktor\u00fd \u017eiadanku vystavil. Popis z\u00a0vy\u0161etrenia v\u00e1m na&nbsp;\u017eiados\u0165 m\u00f4\u017eeme zasla\u0165 aj na&nbsp;e-mail.<\/p>\n<p><span style=\"color: #44c0eb;\"><strong>M\u00f4\u017eem si priplati\u0165 expresn\u00fd term\u00edn?<\/strong><\/span><\/p>\n<p>T\u00fato slu\u017ebu nepon\u00fakame.<\/p>\n<p><span style=\"color: #44c0eb;\"><strong>Bude vy\u0161etrenie nie\u010do st\u00e1\u0165?<\/strong><\/span><\/p>\n<p>M\u00e1me uzavret\u00e9 zmluvy so v\u0161etk\u00fdmi zdravotn\u00fdmi pois\u0165ov\u0148ami, \u010do znamen\u00e1, \u017ee v\u00a0be\u017en\u00fdch pr\u00edpadoch je vy\u0161etrenie hraden\u00e9 zo zdravotn\u00e9ho poistenia. In\u00e1 situ\u00e1cia nast\u00e1va v\u00a0pr\u00edpade samoplatcov alebo ak odosielaj\u00faci lek\u00e1r nem\u00e1 uzatvoren\u00fa zmluvu so zdravotnou pois\u0165ov\u0148ou. V\u00a0t\u00fdchto pr\u00edpadoch sa cena za vy\u0161etrenie \u00fa\u010dtuje pod\u013ea platn\u00e9ho cenn\u00edka PTC. Orienta\u010dn\u00fa cenu za vy\u0161etrenie v\u00e1m ozn\u00e1mi person\u00e1l recepcie po prijat\u00ed \u017eiadanky.<\/p>\n<p><span style=\"color: #44c0eb;\"><strong>M\u00f4\u017eem odmietnu\u0165 podanie kontrastnej l\u00e1tky?<\/strong><\/span><\/p>\n<p>\u00c1no, m\u00e1te mo\u017enos\u0165 odmietnu\u0165 aplik\u00e1ciu kontrastnej l\u00e1tky. Tento krok je nutn\u00e9 potvrdi\u0165 podpisom dokumentu \u201enegat\u00edvny reverz\u201c. Vy\u0161etrenie bez kontrastnej l\u00e1tky m\u00f4\u017ee ma\u0165 ni\u017e\u0161iu v\u00fdpovedn\u00fa hodnotu.<\/p>\n","protected":false},"excerpt":{"rendered":"<p>\u010co si m\u00e1m vzia\u0165 so sebou na&nbsp;vy\u0161etrenie magnetickou rezonanciou? Na&nbsp;vy\u0161etrenie magnetickou rezonanciou si je nutn\u00e9 prinies\u0165 nasleduj\u00face: origin\u00e1l vyplnenej \u017eiadanky na&nbsp;vy\u0161etrenie (s\u00a0pe\u010diatkou zdravotn\u00edckeho zariadenia a\u00a0podpisom lek\u00e1ra), ob\u010diansky alebo in\u00fd doklad toto\u017enosti, platn\u00fa karti\u010dku poistenca. O&nbsp;pr\u00edpadn\u00fdch \u010fal\u0161\u00edch n\u00e1le\u017eitostiach t\u00fdkaj\u00facich sa vy\u0161etrenia v\u00e1s bude informova\u0165 person\u00e1l RDG recepcie. Potrebujem na&nbsp;vy\u0161etrenie \u017eiadanku? \u00c1no, \u017eiadanku je nutn\u00e9 ma\u0165, preto\u017ee&#8230;<\/p>\n","protected":false},"author":11,"featured_media":0,"parent":3156,"menu_order":0,"comment_status":"closed","ping_status":"closed","template":"template-page-with-sidebar.php","meta":{"footnotes":""},"class_list":["post-8153","page","type-page","status-publish","hentry"],"acf":[],"aioseo_notices":[],"_links":{"self":[{"href":"https:\/\/www.ptc.cz\/sk\/wp-json\/wp\/v2\/pages\/8153","targetHints":{"allow":["GET"]}}],"collection":[{"href":"https:\/\/www.ptc.cz\/sk\/wp-json\/wp\/v2\/pages"}],"about":[{"href":"https:\/\/www.ptc.cz\/sk\/wp-json\/wp\/v2\/types\/page"}],"author":[{"embeddable":true,"href":"https:\/\/www.ptc.cz\/sk\/wp-json\/wp\/v2\/users\/11"}],"replies":[{"embeddable":true,"href":"https:\/\/www.ptc.cz\/sk\/wp-json\/wp\/v2\/comments?post=8153"}],"version-history":[{"count":5,"href":"https:\/\/www.ptc.cz\/sk\/wp-json\/wp\/v2\/pages\/8153\/revisions"}],"predecessor-version":[{"id":8168,"href":"https:\/\/www.ptc.cz\/sk\/wp-json\/wp\/v2\/pages\/8153\/revisions\/8168"}],"up":[{"embeddable":true,"href":"https:\/\/www.ptc.cz\/sk\/wp-json\/wp\/v2\/pages\/3156"}],"wp:attachment":[{"href":"https:\/\/www.ptc.cz\/sk\/wp-json\/wp\/v2\/media?parent=8153"}],"curies":[{"name":"wp","href":"https:\/\/api.w.org\/{rel}","templated":true}]}}