{"id":9287,"date":"2025-07-31T11:13:35","date_gmt":"2025-07-31T09:13:35","guid":{"rendered":"https:\/\/www.ptc.cz\/co-liecime\/dalsi-diagnozy\/"},"modified":"2026-03-10T12:24:15","modified_gmt":"2026-03-10T11:24:15","slug":"dalsie-diagnozy","status":"publish","type":"page","link":"https:\/\/www.ptc.cz\/sk\/co-liecime\/dalsie-diagnozy\/","title":{"rendered":"\u010eal\u0161ie diagn\u00f3zy"},"content":{"rendered":"","protected":false},"excerpt":{"rendered":"","protected":false},"author":1,"featured_media":0,"parent":3194,"menu_order":100,"comment_status":"closed","ping_status":"closed","template":"template-other-diagnoses.php","meta":{"footnotes":""},"class_list":["post-9287","page","type-page","status-publish","hentry"],"acf":[],"aioseo_notices":[],"_links":{"self":[{"href":"https:\/\/www.ptc.cz\/sk\/wp-json\/wp\/v2\/pages\/9287","targetHints":{"allow":["GET"]}}],"collection":[{"href":"https:\/\/www.ptc.cz\/sk\/wp-json\/wp\/v2\/pages"}],"about":[{"href":"https:\/\/www.ptc.cz\/sk\/wp-json\/wp\/v2\/types\/page"}],"author":[{"embeddable":true,"href":"https:\/\/www.ptc.cz\/sk\/wp-json\/wp\/v2\/users\/1"}],"replies":[{"embeddable":true,"href":"https:\/\/www.ptc.cz\/sk\/wp-json\/wp\/v2\/comments?post=9287"}],"version-history":[{"count":3,"href":"https:\/\/www.ptc.cz\/sk\/wp-json\/wp\/v2\/pages\/9287\/revisions"}],"predecessor-version":[{"id":9336,"href":"https:\/\/www.ptc.cz\/sk\/wp-json\/wp\/v2\/pages\/9287\/revisions\/9336"}],"up":[{"embeddable":true,"href":"https:\/\/www.ptc.cz\/sk\/wp-json\/wp\/v2\/pages\/3194"}],"wp:attachment":[{"href":"https:\/\/www.ptc.cz\/sk\/wp-json\/wp\/v2\/media?parent=9287"}],"curies":[{"name":"wp","href":"https:\/\/api.w.org\/{rel}","templated":true}]}}