{"id":9307,"date":"2025-07-31T11:19:27","date_gmt":"2025-07-31T09:19:27","guid":{"rendered":"https:\/\/www.ptc.cz\/co-liecime\/dalsie-diagnozy\/thymomy\/"},"modified":"2026-03-10T11:55:55","modified_gmt":"2026-03-10T10:55:55","slug":"tymomy","status":"publish","type":"page","link":"https:\/\/www.ptc.cz\/sk\/co-liecime\/dalsie-diagnozy\/tymomy\/","title":{"rendered":"Tym\u00f3my"},"content":{"rendered":"<div class=\"gdc_row\">\n<div class=\"gdc_column gdc_chalf\">\n<div class=\"gdc_inner\">\n<p>Tym\u00f3m a&nbsp;t\u00fdmick\u00fd karcin\u00f3m s\u00fa vz\u00e1cne n\u00e1dory, ktor\u00e9 vznikaj\u00fa v&nbsp;detskej \u017e\u013eaze (t\u00fdmus), malom org\u00e1ne umiestnenom za hrudnou kos\u0165ou. Detsk\u00e1 \u017e\u013eaza hr\u00e1 d\u00f4le\u017eit\u00fa \u00falohu hlavne v&nbsp;detstve, preto\u017ee pom\u00e1ha spr\u00e1vnemu fungovaniu imunitn\u00e9ho syst\u00e9mu. S&nbsp;prib\u00fadaj\u00facim vekom sa jeho funkcia zni\u017euje.<\/p>\n<p>Tym\u00f3m je zvy\u010dajne menej agres\u00edvny n\u00e1dor, ktor\u00fd rastie pomaly a&nbsp;len v\u00fdnimo\u010dne sa \u0161\u00edri do okolia. Naopak, t\u00fdmick\u00fd karcin\u00f3m je vz\u00e1cnej\u0161\u00ed, ale ove\u013ea agres\u00edvnej\u0161\u00ed a&nbsp;m\u00f4\u017ee prerasta\u0165 do okolit\u00fdch tkan\u00edv alebo sa \u0161\u00edri\u0165 do \u010fal\u0161\u00edch \u010dast\u00ed tela.<\/p>\n<h4>Kto naj\u010dastej\u0161ie ochorie?<\/h4>\n<p>Tym\u00f3my a&nbsp;t\u00fdmick\u00e9 karcin\u00f3my sa naj\u010dastej\u0161ie objavuj\u00fa u&nbsp;\u013eud\u00ed medzi 40.&nbsp;a&nbsp;60.&nbsp;rokom \u017eivota, a&nbsp;to rovnako \u010dasto u&nbsp;mu\u017eov aj \u017eien. Pomerne \u010dasto sa vyskytuj\u00fa spolo\u010dne s&nbsp;autoimunitn\u00fdmi ochoreniami, napr\u00edklad s&nbsp;myasthenia gravis (ochorenie sp\u00f4sobuj\u00face svalov\u00fa slabos\u0165). Niekedy je n\u00e1dor odhalen\u00fd pr\u00e1ve v\u010faka pr\u00edznakom t\u00fdchto chor\u00f4b, napr\u00edklad pri \u0165a\u017ekostiach s&nbsp;preh\u013atan\u00edm, slabosti alebo poklese o\u010dn\u00fdch vie\u010dok. U&nbsp;\u010dasti pacientov je v\u0161ak n\u00e1dor objaven\u00fd n\u00e1hodou, napr\u00edklad pri vy\u0161etren\u00ed z&nbsp;in\u00e9ho d\u00f4vodu.<\/p>\n<h4>V\u00fdskyt a&nbsp;pr\u00ed\u010diny<\/h4>\n<p>V&nbsp;\u010cesku ide o&nbsp;vz\u00e1cne ochorenia, tvoria asi 1,5&nbsp;% v\u0161etk\u00fdch n\u00e1dorov\u00fdch diagn\u00f3z. V&nbsp;posledn\u00fdch rokoch sa v\u0161ak ich v\u00fdskyt zv\u00fd\u0161il v\u010faka lep\u0161ej diagnostike. Presn\u00e1 pr\u00ed\u010dina vzniku nie je zn\u00e1ma. M\u00f4\u017ee \u00eds\u0165 o&nbsp;kombin\u00e1ciu genetick\u00fdch vplyvov, p\u00f4sobenia \u017eiarenia alebo s\u00favislos\u0165 s&nbsp;autoimunitn\u00fdmi chorobami. \u017divotn\u00fd \u0161t\u00fdl (napr. faj\u010denie alebo nezdrav\u00e1 strava) na&nbsp;ich vznik pod\u013ea doteraj\u0161\u00edch poznatkov nem\u00e1 vplyv.<\/p>\n<h4>Ako sa tieto n\u00e1dory lie\u010dia?<\/h4>\n<p>Z\u00e1kladnou lie\u010dbou b\u00fdva oper\u00e1cia. Ak je mo\u017en\u00e9 n\u00e1dor \u00faplne odstr\u00e1ni\u0165, m\u00f4\u017ee to by\u0165 dosta\u010duj\u00face. V&nbsp;pr\u00edpadoch, ke\u010f oper\u00e1cia nesta\u010d\u00ed alebo n\u00e1dor nie je mo\u017en\u00e9 bezpe\u010dne vyoperova\u0165, nastupuje na&nbsp;rad \u010fal\u0161ia lie\u010dba, ako je o\u017earovanie alebo chemoterapia.<\/p>\n<\/div>\n<\/div>\n<div class=\"gdc_column gdc_chalf\">\n<div class=\"gdc_inner\">\n<h3><strong>Pre\u010do zvoli\u0165 prot\u00f3nov\u00fa terapiu?<\/strong><\/h3>\n<p>Pri n\u00e1doroch v&nbsp;oblasti hrudn\u00edka je ve\u013emi d\u00f4le\u017eit\u00e9 \u0161etri\u0165 okolit\u00e9 zdrav\u00e9 org\u00e1ny, ako s\u00fa p\u013e\u00faca, srdce, miecha alebo pa\u017eer\u00e1k. Pr\u00e1ve tu m\u00e1 prot\u00f3nov\u00e1 r\u00e1dioterapia ve\u013ek\u00fa v\u00fdhodu. V\u010faka svojim vlastnostiam umo\u017e\u0148uje presn\u00e9 zacielenie na&nbsp;n\u00e1dor a&nbsp;minimalizuje po\u0161kodenie zdrav\u00e9ho tkaniva v&nbsp;okol\u00ed.<\/p>\n<p>Prot\u00f3nov\u00e1 lie\u010dba sa naj\u010dastej\u0161ie vyu\u017e\u00edva:<\/p>\n<ul>\n<li>po ne\u00faplnej oper\u00e1cii, kedy je potrebn\u00e9 zni\u010di\u0165 zvy\u0161kov\u00e9 n\u00e1dorov\u00e9 bunky,<\/li>\n<li>ak n\u00e1dor nie je mo\u017en\u00e9 operova\u0165,<\/li>\n<li>pri n\u00e1vrate choroby (recid\u00edve),<\/li>\n<li>ke\u010f je potrebn\u00e9 opakovane o\u017eiari\u0165 rovnak\u00e9 miesto (reiradi\u00e1cia).<\/li>\n<\/ul>\n<p>T\u00e1to lie\u010dba m\u00f4\u017ee by\u0165 vhodn\u00e1 aj pre pacientov, ktor\u00ed nem\u00f4\u017eu podst\u00fapi\u0165 oper\u00e1ciu zo zdravotn\u00fdch d\u00f4vodov. V\u010faka svojej presnosti je prot\u00f3nov\u00e1 lie\u010dba ve\u013emi \u0161etrn\u00e1 a&nbsp;efekt\u00edvna, \u010do je pr\u00e1ve v&nbsp;oblasti hrudn\u00edka mimoriadne d\u00f4le\u017eit\u00e9.<\/p>\n<\/div>\n<\/div>\n<\/div>\n","protected":false},"excerpt":{"rendered":"","protected":false},"author":1,"featured_media":0,"parent":9287,"menu_order":0,"comment_status":"closed","ping_status":"closed","template":"template-service-detail-with-sidebar.php","meta":{"footnotes":""},"class_list":["post-9307","page","type-page","status-publish","hentry"],"acf":[],"aioseo_notices":[],"_links":{"self":[{"href":"https:\/\/www.ptc.cz\/sk\/wp-json\/wp\/v2\/pages\/9307","targetHints":{"allow":["GET"]}}],"collection":[{"href":"https:\/\/www.ptc.cz\/sk\/wp-json\/wp\/v2\/pages"}],"about":[{"href":"https:\/\/www.ptc.cz\/sk\/wp-json\/wp\/v2\/types\/page"}],"author":[{"embeddable":true,"href":"https:\/\/www.ptc.cz\/sk\/wp-json\/wp\/v2\/users\/1"}],"replies":[{"embeddable":true,"href":"https:\/\/www.ptc.cz\/sk\/wp-json\/wp\/v2\/comments?post=9307"}],"version-history":[{"count":2,"href":"https:\/\/www.ptc.cz\/sk\/wp-json\/wp\/v2\/pages\/9307\/revisions"}],"predecessor-version":[{"id":9310,"href":"https:\/\/www.ptc.cz\/sk\/wp-json\/wp\/v2\/pages\/9307\/revisions\/9310"}],"up":[{"embeddable":true,"href":"https:\/\/www.ptc.cz\/sk\/wp-json\/wp\/v2\/pages\/9287"}],"wp:attachment":[{"href":"https:\/\/www.ptc.cz\/sk\/wp-json\/wp\/v2\/media?parent=9307"}],"curies":[{"name":"wp","href":"https:\/\/api.w.org\/{rel}","templated":true}]}}